{"id":3663,"date":"2022-01-31T10:06:51","date_gmt":"2022-01-31T10:06:51","guid":{"rendered":"https:\/\/assureomaha.com\/inicio\/"},"modified":"2026-03-13T11:16:38","modified_gmt":"2026-03-13T11:16:38","slug":"inicio","status":"publish","type":"page","link":"https:\/\/assureomaha.com\/es\/","title":{"rendered":"Inicio"},"content":{"rendered":"","protected":false},"excerpt":{"rendered":"","protected":false},"author":1,"featured_media":3779,"parent":0,"menu_order":0,"comment_status":"closed","ping_status":"closed","template":"views\/template-front.blade.php","meta":{"_acf_changed":false,"footnotes":""},"class_list":["post-3663","page","type-page","status-publish","has-post-thumbnail","hentry"],"acf":[],"yoast_head":"<!-- This site is optimized with the Yoast SEO plugin v27.4 - https:\/\/yoast.com\/product\/yoast-seo-wordpress\/ -->\n<title>Assure Womens Center - Centro de embarazo en Omaha, NE<\/title>\n<meta name=\"description\" content=\"Assure Womens Center ofrece servicios gratuitos a mujeres con embarazos inesperados. P\u00f3ngase en contacto con nosotros hoy mismo para obtener m\u00e1s informaci\u00f3n.\" \/>\n<meta name=\"robots\" content=\"index, follow, max-snippet:-1, max-image-preview:large, max-video-preview:-1\" \/>\n<link rel=\"canonical\" href=\"https:\/\/assureomaha.com\/es\/\" \/>\n<meta property=\"og:locale\" content=\"es_ES\" \/>\n<meta property=\"og:type\" content=\"article\" \/>\n<meta property=\"og:title\" content=\"Assure Womens Center - Centro de embarazo en Omaha, NE\" \/>\n<meta property=\"og:description\" content=\"Assure Womens Center ofrece servicios gratuitos a mujeres con embarazos inesperados. P\u00f3ngase en contacto con nosotros hoy mismo para obtener m\u00e1s informaci\u00f3n.\" \/>\n<meta property=\"og:url\" content=\"https:\/\/assureomaha.com\/es\/\" \/>\n<meta property=\"og:site_name\" content=\"Assure Womens Center\" \/>\n<meta property=\"article:modified_time\" content=\"2026-03-13T11:16:38+00:00\" \/>\n<meta property=\"og:image\" content=\"https:\/\/assureomaha.com\/wp-content\/uploads\/2022\/08\/shutterstock_2148946861-scaled-1-e1760042506536.jpg\" \/>\n\t<meta property=\"og:image:width\" content=\"2560\" \/>\n\t<meta property=\"og:image:height\" content=\"1707\" \/>\n\t<meta property=\"og:image:type\" content=\"image\/jpeg\" \/>\n<meta name=\"twitter:card\" content=\"summary_large_image\" \/>\n<!-- \/ Yoast SEO plugin. -->","yoast_head_json":{"title":"Assure Womens Center - Centro de embarazo en Omaha, NE","description":"Assure Womens Center ofrece servicios gratuitos a mujeres con embarazos inesperados. P\u00f3ngase en contacto con nosotros hoy mismo para obtener m\u00e1s informaci\u00f3n.","robots":{"index":"index","follow":"follow","max-snippet":"max-snippet:-1","max-image-preview":"max-image-preview:large","max-video-preview":"max-video-preview:-1"},"canonical":"https:\/\/assureomaha.com\/es\/","og_locale":"es_ES","og_type":"article","og_title":"Assure Womens Center - Centro de embarazo en Omaha, NE","og_description":"Assure Womens Center ofrece servicios gratuitos a mujeres con embarazos inesperados. P\u00f3ngase en contacto con nosotros hoy mismo para obtener m\u00e1s informaci\u00f3n.","og_url":"https:\/\/assureomaha.com\/es\/","og_site_name":"Assure Womens Center","article_modified_time":"2026-03-13T11:16:38+00:00","og_image":[{"width":2560,"height":1707,"url":"https:\/\/assureomaha.com\/wp-content\/uploads\/2022\/08\/shutterstock_2148946861-scaled-1-e1760042506536.jpg","type":"image\/jpeg"}],"twitter_card":"summary_large_image","schema":{"@context":"https:\/\/schema.org","@graph":[{"@type":"WebPage","@id":"https:\/\/assureomaha.com\/es\/","url":"https:\/\/assureomaha.com\/es\/","name":"Assure Womens Center - Centro de embarazo en Omaha, NE","isPartOf":{"@id":"https:\/\/assureomaha.com\/es\/#website"},"primaryImageOfPage":{"@id":"https:\/\/assureomaha.com\/es\/#primaryimage"},"image":{"@id":"https:\/\/assureomaha.com\/es\/#primaryimage"},"thumbnailUrl":"https:\/\/assureomaha.com\/wp-content\/uploads\/2022\/08\/shutterstock_2148946861-scaled-1-e1760042506536.jpg","datePublished":"2022-01-31T10:06:51+00:00","dateModified":"2026-03-13T11:16:38+00:00","description":"Assure Womens Center ofrece servicios gratuitos a mujeres con embarazos inesperados. P\u00f3ngase en contacto con nosotros hoy mismo para obtener m\u00e1s informaci\u00f3n.","breadcrumb":{"@id":"https:\/\/assureomaha.com\/es\/#breadcrumb"},"inLanguage":"es","potentialAction":[{"@type":"ReadAction","target":["https:\/\/assureomaha.com\/es\/"]}]},{"@type":"ImageObject","inLanguage":"es","@id":"https:\/\/assureomaha.com\/es\/#primaryimage","url":"https:\/\/assureomaha.com\/wp-content\/uploads\/2022\/08\/shutterstock_2148946861-scaled-1-e1760042506536.jpg","contentUrl":"https:\/\/assureomaha.com\/wp-content\/uploads\/2022\/08\/shutterstock_2148946861-scaled-1-e1760042506536.jpg","width":2560,"height":1707},{"@type":"BreadcrumbList","@id":"https:\/\/assureomaha.com\/es\/#breadcrumb","itemListElement":[{"@type":"ListItem","position":1,"name":"Home","item":"https:\/\/assureomaha.com\/es\/inicio\/"},{"@type":"ListItem","position":2,"name":"Inicio"}]},{"@type":"WebSite","@id":"https:\/\/assureomaha.com\/es\/#website","url":"https:\/\/assureomaha.com\/es\/","name":"Assure Womens Center","description":"","potentialAction":[{"@type":"SearchAction","target":{"@type":"EntryPoint","urlTemplate":"https:\/\/assureomaha.com\/es\/?s={search_term_string}"},"query-input":{"@type":"PropertyValueSpecification","valueRequired":true,"valueName":"search_term_string"}}],"inLanguage":"es"}]}},"_links":{"self":[{"href":"https:\/\/assureomaha.com\/es\/wp-json\/wp\/v2\/pages\/3663","targetHints":{"allow":["GET"]}}],"collection":[{"href":"https:\/\/assureomaha.com\/es\/wp-json\/wp\/v2\/pages"}],"about":[{"href":"https:\/\/assureomaha.com\/es\/wp-json\/wp\/v2\/types\/page"}],"author":[{"embeddable":true,"href":"https:\/\/assureomaha.com\/es\/wp-json\/wp\/v2\/users\/1"}],"replies":[{"embeddable":true,"href":"https:\/\/assureomaha.com\/es\/wp-json\/wp\/v2\/comments?post=3663"}],"version-history":[{"count":1,"href":"https:\/\/assureomaha.com\/es\/wp-json\/wp\/v2\/pages\/3663\/revisions"}],"predecessor-version":[{"id":3771,"href":"https:\/\/assureomaha.com\/es\/wp-json\/wp\/v2\/pages\/3663\/revisions\/3771"}],"wp:featuredmedia":[{"embeddable":true,"href":"https:\/\/assureomaha.com\/es\/wp-json\/wp\/v2\/media\/3779"}],"wp:attachment":[{"href":"https:\/\/assureomaha.com\/es\/wp-json\/wp\/v2\/media?parent=3663"}],"curies":[{"name":"wp","href":"https:\/\/api.w.org\/{rel}","templated":true}]}}