{"id":3690,"date":"2022-01-31T10:02:21","date_gmt":"2022-01-31T10:02:21","guid":{"rendered":"https:\/\/assureomaha.com\/acerca-de\/"},"modified":"2025-10-09T20:20:20","modified_gmt":"2025-10-09T20:20:20","slug":"acerca-de","status":"publish","type":"page","link":"https:\/\/assureomaha.com\/es\/acerca-de\/","title":{"rendered":"Acerca de"},"content":{"rendered":"\n<h2 class=\"wp-block-heading\" id=\"who-we-are\">Qui\u00e9nes somos<\/h2>\n\n<blockquote class=\"wp-block-quote is-layout-flow wp-block-quote-is-layout-flow\" id=\"output\"><p>Lorem ipsum dolor sit amet, consectetur adipiscing elit, sed do eiusmod tempor incididunt ut labore et dolore magna aliqua. Ut enim ad minim veniam, quis nostrud exercitation ullamco laboris nisi ut aliquip ex ea commodo consequat. Duis aute irure dolor in reprehenderit in voluptate velit esse cillum dolore eu fugiat nulla pariatur. Excepteur sint occaecat cupidatat non proident, sunt in culpa qui officia deserunt mollit anim id est laborum.   <\/p><\/blockquote>\n\n<h2 class=\"wp-block-heading\" id=\"who-we-serve\">A qui\u00e9n servimos<\/h2>\n\n<blockquote class=\"wp-block-quote is-layout-flow wp-block-quote-is-layout-flow\" id=\"output\"><p>Lorem ipsum dolor sit amet, consectetur adipiscing elit, sed do eiusmod tempor incididunt ut labore et dolore magna aliqua. Ut enim ad minim veniam, quis nostrud exercitation ullamco laboris nisi ut aliquip ex ea commodo consequat. Duis aute irure dolor in reprehenderit in voluptate velit esse cillum dolore eu fugiat nulla pariatur. Excepteur sint occaecat cupidatat non proident, sunt in culpa qui officia deserunt mollit anim id est laborum.   <\/p><\/blockquote>\n\n<p><\/p>\n","protected":false},"excerpt":{"rendered":"<p>Qui\u00e9nes somos Lorem ipsum dolor sit amet, consectetur adipiscing elit, sed do eiusmod tempor incididunt ut labore et dolore magna aliqua. Ut enim ad minim veniam, quis nostrud exercitation ullamco laboris nisi ut aliquip ex ea commodo consequat. Duis aute irure dolor in reprehenderit in voluptate velit esse cillum dolore eu fugiat nulla pariatur. Excepteur<\/p>\n","protected":false},"author":1,"featured_media":0,"parent":0,"menu_order":0,"comment_status":"closed","ping_status":"closed","template":"","meta":{"_acf_changed":false,"footnotes":""},"class_list":["post-3690","page","type-page","status-publish","hentry"],"acf":[],"yoast_head":"<!-- This site is optimized with the Yoast SEO plugin v27.4 - https:\/\/yoast.com\/product\/yoast-seo-wordpress\/ -->\n<title>Acerca de | Assure Womens Center | Omaha, NE<\/title>\n<meta name=\"description\" content=\"Obtenga m\u00e1s informaci\u00f3n sobre nosotros en esta p\u00e1gina. Assure Womens Center ofrece servicios gratuitos a mujeres que est\u00e1n embarazadas inesperadamente. Cont\u00e1ctenos.\" \/>\n<meta name=\"robots\" content=\"index, follow, max-snippet:-1, max-image-preview:large, max-video-preview:-1\" \/>\n<link rel=\"canonical\" href=\"https:\/\/assureomaha.com\/es\/acerca-de\/\" \/>\n<meta property=\"og:locale\" content=\"es_ES\" \/>\n<meta property=\"og:type\" content=\"article\" \/>\n<meta property=\"og:title\" content=\"Acerca de | Assure Womens Center | Omaha, NE\" \/>\n<meta property=\"og:description\" content=\"Obtenga m\u00e1s informaci\u00f3n sobre nosotros en esta p\u00e1gina. Assure Womens Center ofrece servicios gratuitos a mujeres que est\u00e1n embarazadas inesperadamente. Cont\u00e1ctenos.\" \/>\n<meta property=\"og:url\" content=\"https:\/\/assureomaha.com\/es\/acerca-de\/\" \/>\n<meta property=\"og:site_name\" content=\"Assure Womens Center\" \/>\n<meta property=\"article:modified_time\" content=\"2025-10-09T20:20:20+00:00\" \/>\n<meta name=\"twitter:card\" content=\"summary_large_image\" \/>\n<meta name=\"twitter:label1\" content=\"Est. reading time\" \/>\n\t<meta name=\"twitter:data1\" content=\"1 minuto\" \/>\n<!-- \/ Yoast SEO plugin. -->","yoast_head_json":{"title":"Acerca de | Assure Womens Center | Omaha, NE","description":"Obtenga m\u00e1s informaci\u00f3n sobre nosotros en esta p\u00e1gina. Assure Womens Center ofrece servicios gratuitos a mujeres que est\u00e1n embarazadas inesperadamente. Cont\u00e1ctenos.","robots":{"index":"index","follow":"follow","max-snippet":"max-snippet:-1","max-image-preview":"max-image-preview:large","max-video-preview":"max-video-preview:-1"},"canonical":"https:\/\/assureomaha.com\/es\/acerca-de\/","og_locale":"es_ES","og_type":"article","og_title":"Acerca de | Assure Womens Center | Omaha, NE","og_description":"Obtenga m\u00e1s informaci\u00f3n sobre nosotros en esta p\u00e1gina. Assure Womens Center ofrece servicios gratuitos a mujeres que est\u00e1n embarazadas inesperadamente. Cont\u00e1ctenos.","og_url":"https:\/\/assureomaha.com\/es\/acerca-de\/","og_site_name":"Assure Womens Center","article_modified_time":"2025-10-09T20:20:20+00:00","twitter_card":"summary_large_image","twitter_misc":{"Est. reading time":"1 minuto"},"schema":{"@context":"https:\/\/schema.org","@graph":[{"@type":"WebPage","@id":"https:\/\/assureomaha.com\/es\/acerca-de\/","url":"https:\/\/assureomaha.com\/es\/acerca-de\/","name":"Acerca de | Assure Womens Center | Omaha, NE","isPartOf":{"@id":"https:\/\/assureomaha.com\/es\/#website"},"datePublished":"2022-01-31T10:02:21+00:00","dateModified":"2025-10-09T20:20:20+00:00","description":"Obtenga m\u00e1s informaci\u00f3n sobre nosotros en esta p\u00e1gina. Assure Womens Center ofrece servicios gratuitos a mujeres que est\u00e1n embarazadas inesperadamente. Cont\u00e1ctenos.","breadcrumb":{"@id":"https:\/\/assureomaha.com\/es\/acerca-de\/#breadcrumb"},"inLanguage":"es","potentialAction":[{"@type":"ReadAction","target":["https:\/\/assureomaha.com\/es\/acerca-de\/"]}]},{"@type":"BreadcrumbList","@id":"https:\/\/assureomaha.com\/es\/acerca-de\/#breadcrumb","itemListElement":[{"@type":"ListItem","position":1,"name":"Home","item":"https:\/\/assureomaha.com\/es\/inicio\/"},{"@type":"ListItem","position":2,"name":"Acerca de"}]},{"@type":"WebSite","@id":"https:\/\/assureomaha.com\/es\/#website","url":"https:\/\/assureomaha.com\/es\/","name":"Assure Womens Center","description":"","potentialAction":[{"@type":"SearchAction","target":{"@type":"EntryPoint","urlTemplate":"https:\/\/assureomaha.com\/es\/?s={search_term_string}"},"query-input":{"@type":"PropertyValueSpecification","valueRequired":true,"valueName":"search_term_string"}}],"inLanguage":"es"}]}},"_links":{"self":[{"href":"https:\/\/assureomaha.com\/es\/wp-json\/wp\/v2\/pages\/3690","targetHints":{"allow":["GET"]}}],"collection":[{"href":"https:\/\/assureomaha.com\/es\/wp-json\/wp\/v2\/pages"}],"about":[{"href":"https:\/\/assureomaha.com\/es\/wp-json\/wp\/v2\/types\/page"}],"author":[{"embeddable":true,"href":"https:\/\/assureomaha.com\/es\/wp-json\/wp\/v2\/users\/1"}],"replies":[{"embeddable":true,"href":"https:\/\/assureomaha.com\/es\/wp-json\/wp\/v2\/comments?post=3690"}],"version-history":[{"count":2,"href":"https:\/\/assureomaha.com\/es\/wp-json\/wp\/v2\/pages\/3690\/revisions"}],"predecessor-version":[{"id":3773,"href":"https:\/\/assureomaha.com\/es\/wp-json\/wp\/v2\/pages\/3690\/revisions\/3773"}],"wp:attachment":[{"href":"https:\/\/assureomaha.com\/es\/wp-json\/wp\/v2\/media?parent=3690"}],"curies":[{"name":"wp","href":"https:\/\/api.w.org\/{rel}","templated":true}]}}