{"id":3700,"date":"2022-08-04T07:33:57","date_gmt":"2022-08-04T07:33:57","guid":{"rendered":"https:\/\/assureomaha.com\/adopcion\/"},"modified":"2026-03-13T11:17:59","modified_gmt":"2026-03-13T11:17:59","slug":"adopcion","status":"publish","type":"page","link":"https:\/\/assureomaha.com\/es\/opciones-durante-el-embarazo\/adopcion\/","title":{"rendered":"Adopci\u00f3n"},"content":{"rendered":"&#13;\n<h2 class=\"wp-block-heading\">\u00bfEst\u00e1 considerando la adopci\u00f3n?<\/h2>&#13;\n&#13;\n<p>Si no est\u00e1 segura sobre la crianza y no est\u00e1 considerando el aborto, la adopci\u00f3n puede ser una opci\u00f3n a explorar. Es normal tener preocupaciones sobre las finanzas, la din\u00e1mica familiar o los planes futuros. Aprender sobre la adopci\u00f3n puede ayudarla a comprender si se alinea con su situaci\u00f3n y objetivos personales.<\/p>&#13;\n&#13;\n<h2 class=\"wp-block-heading\">\u00bfQu\u00e9 es la adopci\u00f3n?<\/h2>&#13;\n&#13;\n<p>La adopci\u00f3n es la transferencia legal por parte de los tribunales de los derechos y responsabilidades de la crianza de una pareja biol\u00f3gica a una pareja adoptiva. Debido a que es una decisi\u00f3n permanente, debe asegurarse de comprender el proceso, las leyes de adopci\u00f3n de Nebraska y sus derechos como madre biol\u00f3gica.<\/p>&#13;\n&#13;\n<h2 class=\"wp-block-heading\">\u00bfC\u00f3mo empiezo?<\/h2>&#13;\n&#13;\n<p>Cuando <a href=\"https:\/\/assureomaha.com\/es\/contacto\/\" target=\"_blank\" rel=\"noreferrer noopener\" data-type=\"URL\" data-id=\"https:\/\/assureomaha.com\/contact\/\" data-wpel-link=\"internal\">concierte una cita<\/a> con Assure Women\u2019s Center, la guiaremos a trav\u00e9s de nuestro proceso y responderemos cualquier pregunta que pueda tener. Si desea obtener m\u00e1s informaci\u00f3n sobre la adopci\u00f3n, le proporcionaremos informaci\u00f3n de contacto de agencias de adopci\u00f3n de buena reputaci\u00f3n.<\/p>&#13;\n&#13;\n<h2 class=\"wp-block-heading\">\u00bfExisten diferentes tipos de adopci\u00f3n?<\/h2>&#13;\n&#13;\n<p>Existen tres planes de adopci\u00f3n diferentes: abierta, cerrada y semiabierta. La cantidad de contacto que desee tener con su hijo antes de la colocaci\u00f3n, mientras est\u00e9 en el hospital y despu\u00e9s de la colocaci\u00f3n determina su plan de adopci\u00f3n.<\/p>&#13;\n&#13;\n<h3 class=\"wp-block-heading\">Adopci\u00f3n abierta<\/h3>&#13;\n&#13;\n<p>Con la adopci\u00f3n abierta, usted y la familia adoptiva intercambian informaci\u00f3n como nombres, direcciones y n\u00fameros de tel\u00e9fono. Tiene la oportunidad de desempe\u00f1ar un papel activo en la vida de su hijo.<\/p>&#13;\n&#13;\n<h3 class=\"wp-block-heading\">Adopci\u00f3n cerrada<\/h3>&#13;\n&#13;\n<p>Para permanecer completamente an\u00f3nima en el proceso, elegir\u00eda una adopci\u00f3n cerrada, tambi\u00e9n conocida como adopci\u00f3n confidencial. Con este plan, no se comparte informaci\u00f3n de identificaci\u00f3n.<\/p>&#13;\n&#13;\n<h3 class=\"wp-block-heading\">Adopci\u00f3n semiabierta<\/h3>&#13;\n&#13;\n<p>Un plan de adopci\u00f3n semiabierta significa que usted y la familia adoptiva tienen contacto a trav\u00e9s de su coordinador de adopci\u00f3n. Aprender\u00e1 sobre su hijo sin contacto personal.<\/p>&#13;\n&#13;\n<h2 class=\"wp-block-heading\">\u00bfDesea obtener m\u00e1s informaci\u00f3n?<\/h2>&#13;\n&#13;\n<p>No importa su raz\u00f3n para considerar la adopci\u00f3n, podemos conectarla con las personas adecuadas para responder a todas sus preguntas y ayudarla a tomar una decisi\u00f3n.<\/p>&#13;\n&#13;\n<p><a href=\"https:\/\/assureomaha.com\/es\/contacto\/\" target=\"_blank\" rel=\"noreferrer noopener\" data-type=\"URL\" data-id=\"https:\/\/assureomaha.com\/contact\/\" data-wpel-link=\"internal\">Programe una cita<\/a> para aprender todo lo que necesita saber sobre el proceso. Prometemos ser la red de apoyo que necesita.<\/p>&#13;\n","protected":false},"excerpt":{"rendered":"<p>&#13; \u00bfEst\u00e1 considerando la adopci\u00f3n? &#13; &#13; Si no est\u00e1 segura sobre la crianza y no est\u00e1 considerando el aborto, la adopci\u00f3n puede ser una opci\u00f3n a explorar. Es normal tener preocupaciones sobre las finanzas, la din\u00e1mica familiar o los planes futuros. Aprender sobre la adopci\u00f3n puede ayudarla a comprender si se alinea con su<\/p>\n","protected":false},"author":1,"featured_media":0,"parent":3758,"menu_order":0,"comment_status":"closed","ping_status":"closed","template":"","meta":{"_acf_changed":false,"footnotes":""},"class_list":["post-3700","page","type-page","status-publish","hentry"],"acf":[],"yoast_head":"<!-- This site is optimized with the Yoast SEO plugin v27.5 - https:\/\/yoast.com\/product\/yoast-seo-wordpress\/ -->\n<title>Adopci\u00f3n | Assure Womens Center | Omaha, NE<\/title>\n<meta name=\"description\" content=\"Learn more about Adopci\u00f3n on this page. Assure Womens Center offers free services to women who are unexpectedly pregnant. Contact us.\" \/>\n<meta name=\"robots\" content=\"index, follow, max-snippet:-1, max-image-preview:large, max-video-preview:-1\" \/>\n<link rel=\"canonical\" href=\"https:\/\/assureomaha.com\/es\/opciones-durante-el-embarazo\/adopcion\/\" \/>\n<meta property=\"og:locale\" content=\"es_ES\" \/>\n<meta property=\"og:type\" content=\"article\" \/>\n<meta property=\"og:title\" content=\"Adopci\u00f3n | Assure Womens Center | Omaha, NE\" \/>\n<meta property=\"og:description\" content=\"Learn more about Adopci\u00f3n on this page. Assure Womens Center offers free services to women who are unexpectedly pregnant. Contact us.\" \/>\n<meta property=\"og:url\" content=\"https:\/\/assureomaha.com\/es\/opciones-durante-el-embarazo\/adopcion\/\" \/>\n<meta property=\"og:site_name\" content=\"Assure Womens Center\" \/>\n<meta property=\"article:modified_time\" content=\"2026-03-13T11:17:59+00:00\" \/>\n<meta name=\"twitter:card\" content=\"summary_large_image\" \/>\n<meta name=\"twitter:label1\" content=\"Est. reading time\" \/>\n\t<meta name=\"twitter:data1\" content=\"2 minutos\" \/>\n<!-- \/ Yoast SEO plugin. -->","yoast_head_json":{"title":"Adopci\u00f3n | Assure Womens Center | Omaha, NE","description":"Learn more about Adopci\u00f3n on this page. Assure Womens Center offers free services to women who are unexpectedly pregnant. Contact us.","robots":{"index":"index","follow":"follow","max-snippet":"max-snippet:-1","max-image-preview":"max-image-preview:large","max-video-preview":"max-video-preview:-1"},"canonical":"https:\/\/assureomaha.com\/es\/opciones-durante-el-embarazo\/adopcion\/","og_locale":"es_ES","og_type":"article","og_title":"Adopci\u00f3n | Assure Womens Center | Omaha, NE","og_description":"Learn more about Adopci\u00f3n on this page. Assure Womens Center offers free services to women who are unexpectedly pregnant. Contact us.","og_url":"https:\/\/assureomaha.com\/es\/opciones-durante-el-embarazo\/adopcion\/","og_site_name":"Assure Womens Center","article_modified_time":"2026-03-13T11:17:59+00:00","twitter_card":"summary_large_image","twitter_misc":{"Est. reading time":"2 minutos"},"schema":{"@context":"https:\/\/schema.org","@graph":[{"@type":"WebPage","@id":"https:\/\/assureomaha.com\/es\/opciones-durante-el-embarazo\/adopcion\/","url":"https:\/\/assureomaha.com\/es\/opciones-durante-el-embarazo\/adopcion\/","name":"Adopci\u00f3n | Assure Womens Center | Omaha, NE","isPartOf":{"@id":"https:\/\/assureomaha.com\/es\/#website"},"datePublished":"2022-08-04T07:33:57+00:00","dateModified":"2026-03-13T11:17:59+00:00","description":"Learn more about Adopci\u00f3n on this page. Assure Womens Center offers free services to women who are unexpectedly pregnant. Contact us.","breadcrumb":{"@id":"https:\/\/assureomaha.com\/es\/opciones-durante-el-embarazo\/adopcion\/#breadcrumb"},"inLanguage":"es","potentialAction":[{"@type":"ReadAction","target":["https:\/\/assureomaha.com\/es\/opciones-durante-el-embarazo\/adopcion\/"]}]},{"@type":"BreadcrumbList","@id":"https:\/\/assureomaha.com\/es\/opciones-durante-el-embarazo\/adopcion\/#breadcrumb","itemListElement":[{"@type":"ListItem","position":1,"name":"Home","item":"https:\/\/assureomaha.com\/es\/inicio\/"},{"@type":"ListItem","position":2,"name":"Opciones","item":"https:\/\/assureomaha.com\/es\/opciones-durante-el-embarazo\/"},{"@type":"ListItem","position":3,"name":"Adopci\u00f3n"}]},{"@type":"WebSite","@id":"https:\/\/assureomaha.com\/es\/#website","url":"https:\/\/assureomaha.com\/es\/","name":"Assure Womens Center","description":"","potentialAction":[{"@type":"SearchAction","target":{"@type":"EntryPoint","urlTemplate":"https:\/\/assureomaha.com\/es\/?s={search_term_string}"},"query-input":{"@type":"PropertyValueSpecification","valueRequired":true,"valueName":"search_term_string"}}],"inLanguage":"es"}]}},"_links":{"self":[{"href":"https:\/\/assureomaha.com\/es\/wp-json\/wp\/v2\/pages\/3700","targetHints":{"allow":["GET"]}}],"collection":[{"href":"https:\/\/assureomaha.com\/es\/wp-json\/wp\/v2\/pages"}],"about":[{"href":"https:\/\/assureomaha.com\/es\/wp-json\/wp\/v2\/types\/page"}],"author":[{"embeddable":true,"href":"https:\/\/assureomaha.com\/es\/wp-json\/wp\/v2\/users\/1"}],"replies":[{"embeddable":true,"href":"https:\/\/assureomaha.com\/es\/wp-json\/wp\/v2\/comments?post=3700"}],"version-history":[{"count":2,"href":"https:\/\/assureomaha.com\/es\/wp-json\/wp\/v2\/pages\/3700\/revisions"}],"predecessor-version":[{"id":3849,"href":"https:\/\/assureomaha.com\/es\/wp-json\/wp\/v2\/pages\/3700\/revisions\/3849"}],"up":[{"embeddable":true,"href":"https:\/\/assureomaha.com\/es\/wp-json\/wp\/v2\/pages\/3758"}],"wp:attachment":[{"href":"https:\/\/assureomaha.com\/es\/wp-json\/wp\/v2\/media?parent=3700"}],"curies":[{"name":"wp","href":"https:\/\/api.w.org\/{rel}","templated":true}]}}