{"id":3722,"date":"2022-08-04T07:36:14","date_gmt":"2022-08-04T07:36:14","guid":{"rendered":"https:\/\/assureomaha.com\/estudiantes\/"},"modified":"2026-03-16T20:12:54","modified_gmt":"2026-03-16T20:12:54","slug":"estudiantes","status":"publish","type":"page","link":"https:\/\/assureomaha.com\/es\/estudiantes\/","title":{"rendered":"Estudiantes"},"content":{"rendered":"&#13;\n<h3><strong>Free Services For A Pregnant Student<\/strong><\/h3>&#13;\n&#13;\n<p>Si cree que podr\u00eda estar embarazada, es importante confirmarlo y comprender sus opciones en un entorno confidencial. No compartimos los resultados de sus pruebas ni ninguna parte de su visita. Esto es lo que podemos ofrecerle:  <\/p>&#13;\n\r\n<ul class=\"wp-block-list\">&#13;\n<li>Confirme su embarazo con <a href=\"https:\/\/assureomaha.com\/es\/services\/pruebas-de-embarazo\/\" target=\"_blank\" rel=\"noreferrer noopener\" data-type=\"URL\" data-id=\"https:\/\/assureomaha.com\/services\/pregnancy-testing\/\" data-wpel-link=\"internal\">pruebas de embarazo<\/a> gratuitas.<\/li>&#13;\n\r\n\r\n&#13;\n<li>Reciba una <a href=\"https:\/\/assureomaha.com\/es\/services\/ecografias\/\" target=\"_blank\" rel=\"noreferrer noopener\" data-type=\"URL\" data-id=\"https:\/\/assureomaha.com\/services\/ultrasounds\/\" data-wpel-link=\"internal\">ecograf\u00eda<\/a> gratuita.<\/li>&#13;\n\r\n\r\n&#13;\n<li>Hable sobre sus opciones (el <a href=\"https:\/\/assureomaha.com\/es\/opciones-durante-el-embarazo\/aborto\/\" target=\"_blank\" rel=\"noreferrer noopener\" data-type=\"URL\" data-id=\"https:\/\/assureomaha.com\/pregnancy-options\/abortion\/\" data-wpel-link=\"internal\">aborto<\/a>, la <a href=\"https:\/\/assureomaha.com\/es\/opciones-durante-el-embarazo\/paternidad-maternidad\/\" target=\"_blank\" rel=\"noreferrer noopener\" data-type=\"URL\" data-id=\"https:\/\/assureomaha.com\/pregnancy-options\/parenting\/\" data-wpel-link=\"internal\">maternidad\/paternidad<\/a> y la <a href=\"https:\/\/assureomaha.com\/es\/opciones-durante-el-embarazo\/adopcion\/\" target=\"_blank\" rel=\"noreferrer noopener\" data-type=\"URL\" data-id=\"https:\/\/assureomaha.com\/pregnancy-options\/adoption\/\" data-wpel-link=\"internal\">adopci\u00f3n<\/a>) de forma privada.<\/li>&#13;\n<\/ul>\r\n&#13;\n<h2 class=\"wp-block-heading\"><strong>Conozca sus derechos como estudiante embarazada<\/strong><\/h2>&#13;\n&#13;\n<p>Como estudiante embarazada, tiene ciertos derechos determinados por el gobierno federal. El Departamento de Educaci\u00f3n de EE. UU. proh\u00edbe la discriminaci\u00f3n, incluido el embarazo y la condici\u00f3n de progenitor. <\/p>&#13;\n&#13;\n<p>No se le puede impedir asistir a clases, estudios o actividades extracurriculares. Su escuela debe justificar las ausencias debidas a su embarazo o parto.  <\/p>&#13;\n&#13;\n<h2 class=\"wp-block-heading\"><strong>Tiene opciones<\/strong><\/h2>&#13;\n&#13;\n<p>La toma de decisiones sobre el embarazo implica comprender sus opciones m\u00e9dicas y circunstancias personales. Reserve una <a href=\"https:\/\/assureomaha.com\/es\/contacto\/\" target=\"_blank\" rel=\"noreferrer noopener\" data-type=\"URL\" data-id=\"https:\/\/assureomaha.com\/contact\/\" data-wpel-link=\"internal\">cita<\/a> gratuita y responderemos a sus preguntas sobre el aborto, la adopci\u00f3n y la maternidad\/paternidad. <\/p>&#13;\n&#13;\n<p>Obtenga la mayor cantidad de informaci\u00f3n posible sobre cada opci\u00f3n para que pueda tomar una decisi\u00f3n informada y segura.<\/p>&#13;\n&#13;\n<p>Merece un espacio para explorar sus preguntas e inquietudes sin presiones. <a href=\"https:\/\/assureomaha.com\/es\/contacto\/\" data-wpel-link=\"internal\">P\u00f3ngase en contacto<\/a> para obtener m\u00e1s informaci\u00f3n sobre el apoyo y los servicios disponibles para usted.<\/p>&#13;\n&#13;\n<h2 class=\"wp-block-heading\"><strong>Si lo desea, traiga a alguien con usted a su cita<\/strong><\/h2>&#13;\n&#13;\n<p>Queremos que se sienta lo m\u00e1s c\u00f3moda posible cuando nos visite. Puede traer a su pareja, a un amigo o a un familiar. <\/p>","protected":false},"excerpt":{"rendered":"<p>&#13; Free Services For A Pregnant Student &#13; &#13; Si cree que podr\u00eda estar embarazada, es importante confirmarlo y comprender sus opciones en un entorno confidencial. No compartimos los resultados de sus pruebas ni ninguna parte de su visita. Esto es lo que podemos ofrecerle: &#13; &#13; Conozca sus derechos como estudiante embarazada &#13; &#13;<\/p>\n","protected":false},"author":1,"featured_media":0,"parent":0,"menu_order":0,"comment_status":"closed","ping_status":"closed","template":"","meta":{"_acf_changed":false,"footnotes":""},"class_list":["post-3722","page","type-page","status-publish","hentry"],"acf":[],"yoast_head":"<!-- This site is optimized with the Yoast SEO plugin v27.5 - https:\/\/yoast.com\/product\/yoast-seo-wordpress\/ -->\n<title>Estudiantes | Assure Womens Center | Omaha, NE<\/title>\n<meta name=\"description\" content=\"Lea m\u00e1s sobre qu\u00e9 informaci\u00f3n necesitan los estudiantes con respecto al aborto. Assure Womens Center ofrece servicios gratuitos a las mujeres.\" \/>\n<meta name=\"robots\" content=\"index, follow, max-snippet:-1, max-image-preview:large, max-video-preview:-1\" \/>\n<link rel=\"canonical\" href=\"https:\/\/assureomaha.com\/es\/estudiantes\/\" \/>\n<meta property=\"og:locale\" content=\"es_ES\" \/>\n<meta property=\"og:type\" content=\"article\" \/>\n<meta property=\"og:title\" content=\"Estudiantes | Assure Womens Center | Omaha, NE\" \/>\n<meta property=\"og:description\" content=\"Lea m\u00e1s sobre qu\u00e9 informaci\u00f3n necesitan los estudiantes con respecto al aborto. Assure Womens Center ofrece servicios gratuitos a las mujeres.\" \/>\n<meta property=\"og:url\" content=\"https:\/\/assureomaha.com\/es\/estudiantes\/\" \/>\n<meta property=\"og:site_name\" content=\"Assure Womens Center\" \/>\n<meta property=\"article:modified_time\" content=\"2026-03-16T20:12:54+00:00\" \/>\n<meta name=\"twitter:card\" content=\"summary_large_image\" \/>\n<meta name=\"twitter:label1\" content=\"Tiempo de lectura\" \/>\n\t<meta name=\"twitter:data1\" content=\"1 minuto\" \/>\n<!-- \/ Yoast SEO plugin. -->","yoast_head_json":{"title":"Estudiantes | Assure Womens Center | Omaha, NE","description":"Lea m\u00e1s sobre qu\u00e9 informaci\u00f3n necesitan los estudiantes con respecto al aborto. Assure Womens Center ofrece servicios gratuitos a las mujeres.","robots":{"index":"index","follow":"follow","max-snippet":"max-snippet:-1","max-image-preview":"max-image-preview:large","max-video-preview":"max-video-preview:-1"},"canonical":"https:\/\/assureomaha.com\/es\/estudiantes\/","og_locale":"es_ES","og_type":"article","og_title":"Estudiantes | Assure Womens Center | Omaha, NE","og_description":"Lea m\u00e1s sobre qu\u00e9 informaci\u00f3n necesitan los estudiantes con respecto al aborto. Assure Womens Center ofrece servicios gratuitos a las mujeres.","og_url":"https:\/\/assureomaha.com\/es\/estudiantes\/","og_site_name":"Assure Womens Center","article_modified_time":"2026-03-16T20:12:54+00:00","twitter_card":"summary_large_image","twitter_misc":{"Tiempo de lectura":"1 minuto"},"schema":{"@context":"https:\/\/schema.org","@graph":[{"@type":"WebPage","@id":"https:\/\/assureomaha.com\/es\/estudiantes\/","url":"https:\/\/assureomaha.com\/es\/estudiantes\/","name":"Estudiantes | Assure Womens Center | Omaha, NE","isPartOf":{"@id":"https:\/\/assureomaha.com\/es\/#website"},"datePublished":"2022-08-04T07:36:14+00:00","dateModified":"2026-03-16T20:12:54+00:00","description":"Lea m\u00e1s sobre qu\u00e9 informaci\u00f3n necesitan los estudiantes con respecto al aborto. Assure Womens Center ofrece servicios gratuitos a las mujeres.","breadcrumb":{"@id":"https:\/\/assureomaha.com\/es\/estudiantes\/#breadcrumb"},"inLanguage":"es","potentialAction":[{"@type":"ReadAction","target":["https:\/\/assureomaha.com\/es\/estudiantes\/"]}]},{"@type":"BreadcrumbList","@id":"https:\/\/assureomaha.com\/es\/estudiantes\/#breadcrumb","itemListElement":[{"@type":"ListItem","position":1,"name":"Home","item":"https:\/\/assureomaha.com\/es\/inicio\/"},{"@type":"ListItem","position":2,"name":"Estudiantes"}]},{"@type":"WebSite","@id":"https:\/\/assureomaha.com\/es\/#website","url":"https:\/\/assureomaha.com\/es\/","name":"Assure Womens Center","description":"","potentialAction":[{"@type":"SearchAction","target":{"@type":"EntryPoint","urlTemplate":"https:\/\/assureomaha.com\/es\/?s={search_term_string}"},"query-input":{"@type":"PropertyValueSpecification","valueRequired":true,"valueName":"search_term_string"}}],"inLanguage":"es"}]}},"_links":{"self":[{"href":"https:\/\/assureomaha.com\/es\/wp-json\/wp\/v2\/pages\/3722","targetHints":{"allow":["GET"]}}],"collection":[{"href":"https:\/\/assureomaha.com\/es\/wp-json\/wp\/v2\/pages"}],"about":[{"href":"https:\/\/assureomaha.com\/es\/wp-json\/wp\/v2\/types\/page"}],"author":[{"embeddable":true,"href":"https:\/\/assureomaha.com\/es\/wp-json\/wp\/v2\/users\/1"}],"replies":[{"embeddable":true,"href":"https:\/\/assureomaha.com\/es\/wp-json\/wp\/v2\/comments?post=3722"}],"version-history":[{"count":2,"href":"https:\/\/assureomaha.com\/es\/wp-json\/wp\/v2\/pages\/3722\/revisions"}],"predecessor-version":[{"id":4048,"href":"https:\/\/assureomaha.com\/es\/wp-json\/wp\/v2\/pages\/3722\/revisions\/4048"}],"wp:attachment":[{"href":"https:\/\/assureomaha.com\/es\/wp-json\/wp\/v2\/media?parent=3722"}],"curies":[{"name":"wp","href":"https:\/\/api.w.org\/{rel}","templated":true}]}}