{"id":3725,"date":"2022-01-31T10:05:06","date_gmt":"2022-01-31T10:05:06","guid":{"rendered":"https:\/\/assureomaha.com\/considerando-el-aborto\/riesgos-y-efectos-secundarios-del-aborto\/"},"modified":"2026-03-13T11:13:42","modified_gmt":"2026-03-13T11:13:42","slug":"riesgos-y-efectos-secundarios-del-aborto","status":"publish","type":"page","link":"https:\/\/assureomaha.com\/es\/considerando-el-aborto\/riesgos-y-efectos-secundarios-del-aborto\/","title":{"rendered":"Riesgos y efectos secundarios del aborto"},"content":{"rendered":"\n<h2 class=\"wp-block-heading\" id=\"abortion-pill-side-effects\">Efectos secundarios de la p\u00edldora abortiva<\/h2>\n\n<p>Seg\u00fan la <a href=\"https:\/\/www.mayoclinic.org\/tests-procedures\/medical-abortion\/about\/pac-20394687\" target=\"_blank\" rel=\"noreferrer noopener nofollow external\" data-wpel-link=\"external\">Cl\u00ednica Mayo<\/a>, espere los siguientes s\u00edntomas adem\u00e1s del sangrado vaginal y los c\u00f3licos abdominales:<\/p>\n\n<ul class=\"wp-block-list\"><li>N\u00e1useas<\/li><li>V\u00f3mitos<\/li><li>Fiebre<\/li><li>Escalofr\u00edos<\/li><li>Diarrea<\/li><li>Dolor de cabeza<\/li><\/ul>\n\n<h2 class=\"wp-block-heading\" id=\"abortion-pill-risks\">Riesgos de la p\u00edldora abortiva<\/h2>\n\n<p>La Cl\u00ednica Mayo sugiere que no debe tomar la p\u00edldora abortiva si tiene alguno de los siguientes:<\/p>\n\n<ul class=\"wp-block-list\"><li>Un embarazo de m\u00e1s de nueve semanas<\/li><li>Un DIU<\/li><li>Un embarazo ect\u00f3pico<\/li><li>Ciertas afecciones m\u00e9dicas (como enfermedades card\u00edacas, renales o pulmonares)<\/li><li>Toma un anticoagulante<\/li><li>No puede realizar visitas de seguimiento con el proveedor de servicios de aborto<\/li><li>Es al\u00e9rgico a los medicamentos utilizados<\/li><\/ul>\n\n<p>Los riesgos potenciales incluyen:<\/p>\n\n<ul class=\"wp-block-list\"><li>Aborto incompleto, que puede necesitar ser seguido por un aborto quir\u00fargico<\/li><li>Un embarazo en curso si el procedimiento no funciona<\/li><li>Sangrado abundante y prolongado<\/li><li>Infecci\u00f3n<\/li><li>Fiebre<\/li><li>Malestar del sistema digestivo<\/li><\/ul>\n\n<h2 class=\"wp-block-heading\" id=\"surgical-abortion-side-effects\">Efectos secundarios del aborto quir\u00fargico<\/h2>\n\n<p>Al igual que con cualquier aborto, puede esperar sangrado y calambres con un aborto quir\u00fargico. Tambi\u00e9n puede ser necesario realizar otro procedimiento para extraer partes del embarazo que permanecieron en el \u00fatero.  <\/p>\n\n<p>Seg\u00fan la <a href=\"https:\/\/americanpregnancy.org\/wp-content\/uploads\/2013\/03\/surgicalabortion.pdf\" target=\"_blank\" rel=\"noreferrer noopener nofollow external\" data-wpel-link=\"external\">Asociaci\u00f3n Americana del Embarazo<\/a>, estos son los efectos secundarios que puede experimentar con un aborto quir\u00fargico:<\/p>\n\n<ul class=\"wp-block-list\"><li>N\u00e1useas<\/li><li>Sudoraci\u00f3n<\/li><li>Sensaci\u00f3n de desmayo o mareo<\/li><li>Fiebre<\/li><\/ul>\n\n<h2 class=\"wp-block-heading\" id=\"surgical-abortion-risks\">Riesgos del aborto quir\u00fargico<\/h2>\n\n<p>La <a href=\"https:\/\/www.mayoclinic.org\/tests-procedures\/dilation-and-curettage\/about\/pac-20384910\" target=\"_blank\" rel=\"noreferrer noopener nofollow external\" data-wpel-link=\"external\">Cl\u00ednica Mayo<\/a> enumera los siguientes como riesgos potenciales:<\/p>\n\n<ul class=\"wp-block-list\"><li>Perforaci\u00f3n del \u00fatero<\/li><li>Da\u00f1o al cuello uterino<\/li><li>Tejido cicatricial en la pared uterina<\/li><li>Infecci\u00f3n<\/li><li>Sangrado lo suficientemente abundante como para que necesite cambiar las compresas cada hora<\/li><li>Co\u00e1gulos de sangre<\/li><\/ul>\n\n<h2 class=\"wp-block-heading\">Posibles efectos secundarios y riesgos emocionales<\/h2>\n\n<p>Los Institutos Nacionales de la Salud (<a href=\"https:\/\/www.ncbi.nlm.nih.gov\/pmc\/articles\/PMC6207970\/\" target=\"_blank\" rel=\"noreferrer noopener nofollow external\" data-wpel-link=\"external\">NIH<\/a>) publicaron un estudio que suger\u00eda que las mujeres que luchan contra la ansiedad y la depresi\u00f3n tienen una mayor posibilidad de experimentar efectos secundarios emocionales de su aborto.<\/p>\n\n<p>El estudio afirma: \u00abLa asociaci\u00f3n entre el aborto y las tasas m\u00e1s altas de ansiedad, depresi\u00f3n, consumo de sustancias, s\u00edntomas traum\u00e1ticos, trastornos del sue\u00f1o y otros resultados negativos es estad\u00edsticamente significativa en la mayor\u00eda de los an\u00e1lisis.\u00bb<\/p>\n\n<p><a href=\"https:\/\/assureomaha.com\/es\/contacto\/\" target=\"_blank\" rel=\"noreferrer noopener\" data-wpel-link=\"internal\">Hable con nosotros<\/a> sobre los procedimientos de aborto, los efectos secundarios y los riesgos potenciales. Queremos que tome una decisi\u00f3n segura y estaremos encantados de proporcionarle la informaci\u00f3n que necesita. <\/p>\n","protected":false},"excerpt":{"rendered":"<p>Efectos secundarios de la p\u00edldora abortiva Seg\u00fan la Cl\u00ednica Mayo, espere los siguientes s\u00edntomas adem\u00e1s del sangrado vaginal y los c\u00f3licos abdominales: N\u00e1useas V\u00f3mitos Fiebre Escalofr\u00edos Diarrea Dolor de cabeza Riesgos de la p\u00edldora abortiva La Cl\u00ednica Mayo sugiere que no debe tomar la p\u00edldora abortiva si tiene alguno de los siguientes: Un embarazo de<\/p>\n","protected":false},"author":1,"featured_media":0,"parent":3697,"menu_order":0,"comment_status":"closed","ping_status":"closed","template":"","meta":{"_acf_changed":false,"footnotes":""},"class_list":["post-3725","page","type-page","status-publish","hentry"],"acf":[],"yoast_head":"<!-- This site is optimized with the Yoast SEO plugin v27.4 - https:\/\/yoast.com\/product\/yoast-seo-wordpress\/ -->\n<title>Riesgos y efectos secundarios del aborto | Assure Womens Center | Omaha, NE<\/title>\n<meta name=\"description\" content=\"Learn more about Riesgos y efectos secundarios del aborto on this page. Assure Womens Center offers free services to women who are unexpectedly pregnant. Contact us.\" \/>\n<meta name=\"robots\" content=\"index, follow, max-snippet:-1, max-image-preview:large, max-video-preview:-1\" \/>\n<link rel=\"canonical\" href=\"https:\/\/assureomaha.com\/es\/considerando-el-aborto\/riesgos-y-efectos-secundarios-del-aborto\/\" \/>\n<meta property=\"og:locale\" content=\"es_ES\" \/>\n<meta property=\"og:type\" content=\"article\" \/>\n<meta property=\"og:title\" content=\"Riesgos y efectos secundarios del aborto | Assure Womens Center | Omaha, NE\" \/>\n<meta property=\"og:description\" content=\"Learn more about Riesgos y efectos secundarios del aborto on this page. Assure Womens Center offers free services to women who are unexpectedly pregnant. Contact us.\" \/>\n<meta property=\"og:url\" content=\"https:\/\/assureomaha.com\/es\/considerando-el-aborto\/riesgos-y-efectos-secundarios-del-aborto\/\" \/>\n<meta property=\"og:site_name\" content=\"Assure Womens Center\" \/>\n<meta property=\"article:modified_time\" content=\"2026-03-13T11:13:42+00:00\" \/>\n<meta name=\"twitter:card\" content=\"summary_large_image\" \/>\n<meta name=\"twitter:label1\" content=\"Est. reading time\" \/>\n\t<meta name=\"twitter:data1\" content=\"2 minutos\" \/>\n<!-- \/ Yoast SEO plugin. -->","yoast_head_json":{"title":"Riesgos y efectos secundarios del aborto | Assure Womens Center | Omaha, NE","description":"Learn more about Riesgos y efectos secundarios del aborto on this page. Assure Womens Center offers free services to women who are unexpectedly pregnant. Contact us.","robots":{"index":"index","follow":"follow","max-snippet":"max-snippet:-1","max-image-preview":"max-image-preview:large","max-video-preview":"max-video-preview:-1"},"canonical":"https:\/\/assureomaha.com\/es\/considerando-el-aborto\/riesgos-y-efectos-secundarios-del-aborto\/","og_locale":"es_ES","og_type":"article","og_title":"Riesgos y efectos secundarios del aborto | Assure Womens Center | Omaha, NE","og_description":"Learn more about Riesgos y efectos secundarios del aborto on this page. Assure Womens Center offers free services to women who are unexpectedly pregnant. Contact us.","og_url":"https:\/\/assureomaha.com\/es\/considerando-el-aborto\/riesgos-y-efectos-secundarios-del-aborto\/","og_site_name":"Assure Womens Center","article_modified_time":"2026-03-13T11:13:42+00:00","twitter_card":"summary_large_image","twitter_misc":{"Est. reading time":"2 minutos"},"schema":{"@context":"https:\/\/schema.org","@graph":[{"@type":"WebPage","@id":"https:\/\/assureomaha.com\/es\/considerando-el-aborto\/riesgos-y-efectos-secundarios-del-aborto\/","url":"https:\/\/assureomaha.com\/es\/considerando-el-aborto\/riesgos-y-efectos-secundarios-del-aborto\/","name":"Riesgos y efectos secundarios del aborto | Assure Womens Center | Omaha, NE","isPartOf":{"@id":"https:\/\/assureomaha.com\/es\/#website"},"datePublished":"2022-01-31T10:05:06+00:00","dateModified":"2026-03-13T11:13:42+00:00","description":"Learn more about Riesgos y efectos secundarios del aborto on this page. Assure Womens Center offers free services to women who are unexpectedly pregnant. Contact us.","breadcrumb":{"@id":"https:\/\/assureomaha.com\/es\/considerando-el-aborto\/riesgos-y-efectos-secundarios-del-aborto\/#breadcrumb"},"inLanguage":"es","potentialAction":[{"@type":"ReadAction","target":["https:\/\/assureomaha.com\/es\/considerando-el-aborto\/riesgos-y-efectos-secundarios-del-aborto\/"]}]},{"@type":"BreadcrumbList","@id":"https:\/\/assureomaha.com\/es\/considerando-el-aborto\/riesgos-y-efectos-secundarios-del-aborto\/#breadcrumb","itemListElement":[{"@type":"ListItem","position":1,"name":"Home","item":"https:\/\/assureomaha.com\/es\/inicio\/"},{"@type":"ListItem","position":2,"name":"Considerando el aborto","item":"https:\/\/assureomaha.com\/es\/considerando-el-aborto\/"},{"@type":"ListItem","position":3,"name":"Riesgos y efectos secundarios del aborto"}]},{"@type":"WebSite","@id":"https:\/\/assureomaha.com\/es\/#website","url":"https:\/\/assureomaha.com\/es\/","name":"Assure Womens Center","description":"","potentialAction":[{"@type":"SearchAction","target":{"@type":"EntryPoint","urlTemplate":"https:\/\/assureomaha.com\/es\/?s={search_term_string}"},"query-input":{"@type":"PropertyValueSpecification","valueRequired":true,"valueName":"search_term_string"}}],"inLanguage":"es"}]}},"_links":{"self":[{"href":"https:\/\/assureomaha.com\/es\/wp-json\/wp\/v2\/pages\/3725","targetHints":{"allow":["GET"]}}],"collection":[{"href":"https:\/\/assureomaha.com\/es\/wp-json\/wp\/v2\/pages"}],"about":[{"href":"https:\/\/assureomaha.com\/es\/wp-json\/wp\/v2\/types\/page"}],"author":[{"embeddable":true,"href":"https:\/\/assureomaha.com\/es\/wp-json\/wp\/v2\/users\/1"}],"replies":[{"embeddable":true,"href":"https:\/\/assureomaha.com\/es\/wp-json\/wp\/v2\/comments?post=3725"}],"version-history":[{"count":1,"href":"https:\/\/assureomaha.com\/es\/wp-json\/wp\/v2\/pages\/3725\/revisions"}],"predecessor-version":[{"id":3726,"href":"https:\/\/assureomaha.com\/es\/wp-json\/wp\/v2\/pages\/3725\/revisions\/3726"}],"up":[{"embeddable":true,"href":"https:\/\/assureomaha.com\/es\/wp-json\/wp\/v2\/pages\/3697"}],"wp:attachment":[{"href":"https:\/\/assureomaha.com\/es\/wp-json\/wp\/v2\/media?parent=3725"}],"curies":[{"name":"wp","href":"https:\/\/api.w.org\/{rel}","templated":true}]}}