{"id":3727,"date":"2022-01-31T10:04:52","date_gmt":"2022-01-31T10:04:52","guid":{"rendered":"https:\/\/assureomaha.com\/considerando-el-aborto\/procedimientos-de-aborto\/"},"modified":"2026-03-13T11:12:42","modified_gmt":"2026-03-13T11:12:42","slug":"procedimientos-de-aborto","status":"publish","type":"page","link":"https:\/\/assureomaha.com\/es\/considerando-el-aborto\/procedimientos-de-aborto\/","title":{"rendered":"Procedimientos de aborto"},"content":{"rendered":"\n<h2 class=\"wp-block-heading\" id=\"the-abortion-pill\">La p\u00edldora abortiva<\/h2>\n\n<p>El m\u00e9todo de la p\u00edldora abortiva tambi\u00e9n se conoce como aborto con medicamentos o aborto qu\u00edmico, ya que utiliza f\u00e1rmacos para interrumpir un embarazo. La FDA ha aprobado este m\u00e9todo hasta los 70 d\u00edas de gestaci\u00f3n (70 d\u00edas o menos desde el primer d\u00eda del \u00faltimo per\u00edodo menstrual de la mujer).<\/p>\n\n<h3 class=\"wp-block-heading\" id=\"mifepristone-mifeprex\">Mifepristona <\/h3>\n\n<p>Mifeprex (mifepristona) es el primer f\u00e1rmaco que se toma en el m\u00e9todo de la p\u00edldora abortiva. Este f\u00e1rmaco bloquea la hormona progesterona del \u00fatero. Todo embarazo necesita progesterona para crecer. Sin ella, el embarazo no puede continuar.<\/p>\n\n<p>La <a href=\"https:\/\/www.fda.gov\/media\/72923\/download\" target=\"_blank\" rel=\"noreferrer noopener nofollow external\" data-wpel-link=\"external\">gu\u00eda<\/a> de este f\u00e1rmaco advierte contra lo siguiente:<\/p>\n\n<ul class=\"wp-block-list\">\n<li>Sangrado abundante<\/li>\n\n\n\n<li>Dolor abdominal o \u00abSensaci\u00f3n de malestar\u00bb<\/li>\n\n\n\n<li>Fiebre<\/li>\n<\/ul>\n\n<h3 class=\"wp-block-heading\" id=\"misoprostol\">Misoprostol<\/h3>\n\n<p>El misoprostol es el segundo f\u00e1rmaco en el m\u00e9todo de la p\u00edldora abortiva, que se toma entre 24 y 48 horas despu\u00e9s del primer f\u00e1rmaco. Induce contracciones similares a las del parto para expulsar el embarazo a trav\u00e9s de la vagina. <\/p>\n\n<p>Seg\u00fan los <a href=\"https:\/\/www.ncbi.nlm.nih.gov\/pmc\/articles\/PMC2760893\/\" target=\"_blank\" rel=\"noreferrer noopener nofollow external\" data-wpel-link=\"external\">NIH<\/a>, el misoprostol puede causar lo siguiente:<\/p>\n\n<ul class=\"wp-block-list\">\n<li>Fiebre y escalofr\u00edos<\/li>\n\n\n\n<li>N\u00e1useas y v\u00f3mitos<\/li>\n\n\n\n<li>Diarrea<\/li>\n\n\n\n<li>Dolor abdominal<\/li>\n<\/ul>\n\n<h2 class=\"wp-block-heading\" id=\"surgical-abortion\">Aborto quir\u00fargico<\/h2>\n\n<p>El m\u00e9todo de aborto quir\u00fargico se determina en funci\u00f3n de lo avanzado que est\u00e9 su embarazo. Conocer la edad gestacional le ayuda a comprender el tipo de procedimiento, los efectos secundarios y los posibles riesgos que puede esperar. <\/p>\n\n<p>La posibilidad de dilataci\u00f3n (apertura) del cuello uterino y la necesidad de anestesia es posible para cada procedimiento.<\/p>\n\n<h3 class=\"wp-block-heading\">Aspiraci\u00f3n por vac\u00edo<\/h3>\n\n<p>Los proveedores de abortos realizan este procedimiento en el primer trimestre del embarazo. Insertan un tubo en el \u00fatero y aspiran el contenido. <\/p>\n\n<p>La aspiraci\u00f3n puede ser manual o el\u00e9ctrica, dependiendo de lo avanzado que est\u00e9 su embarazo.<\/p>\n\n<h3 class=\"wp-block-heading\" id=\"d-c-abortion-1\">Aborto por legrado<\/h3>\n\n<p>Un legrado (dilataci\u00f3n y curetaje) utiliza una aspiradora y una herramienta de raspado afilada para extraer el contenido del \u00fatero. Los proveedores de abortos generalmente realizan un legrado en el segundo trimestre hasta las 16 semanas. <\/p>\n\n<p>Incluye anestesia y dilataci\u00f3n del cuello uterino de antemano. <\/p>\n\n<h3 class=\"wp-block-heading\" id=\"d-e-abortion\">Aborto por D&amp;e<\/h3>\n\n<p>La dilataci\u00f3n y evacuaci\u00f3n (D&amp;E) eliminan un embarazo m\u00e1s avanzado y su tejido. Adem\u00e1s de la aspiraci\u00f3n y las herramientas de raspado, puede requerir f\u00f3rceps para extraer partes m\u00e1s grandes del embarazo. <\/p>\n\n<p>La ley de Nebraska permite el aborto hasta las 12 semanas.<\/p>\n\n<p>Para saber qu\u00e9 esperar despu\u00e9s de cada uno de estos m\u00e9todos de aborto, lea <a href=\"https:\/\/assureomaha.com\/es\/considerando-el-aborto\/riesgos-y-efectos-secundarios-del-aborto\/\" target=\"_blank\" rel=\"noreferrer noopener\" data-wpel-link=\"internal\">Riesgos y efectos secundarios del aborto<\/a>.<\/p>\n","protected":false},"excerpt":{"rendered":"<p>La p\u00edldora abortiva El m\u00e9todo de la p\u00edldora abortiva tambi\u00e9n se conoce como aborto con medicamentos o aborto qu\u00edmico, ya que utiliza f\u00e1rmacos para interrumpir un embarazo. La FDA ha aprobado este m\u00e9todo hasta los 70 d\u00edas de gestaci\u00f3n (70 d\u00edas o menos desde el primer d\u00eda del \u00faltimo per\u00edodo menstrual de la mujer). Mifepristona<\/p>\n","protected":false},"author":1,"featured_media":0,"parent":3697,"menu_order":0,"comment_status":"closed","ping_status":"closed","template":"","meta":{"_acf_changed":false,"footnotes":""},"class_list":["post-3727","page","type-page","status-publish","hentry"],"acf":[],"yoast_head":"<!-- This site is optimized with the Yoast SEO plugin v27.5 - https:\/\/yoast.com\/product\/yoast-seo-wordpress\/ -->\n<title>Procedimientos de aborto | Assure Womens Center | Omaha, NE<\/title>\n<meta name=\"description\" content=\"Learn more about Procedimientos de aborto on this page. Assure Womens Center offers free services to women who are unexpectedly pregnant. Contact us.\" \/>\n<meta name=\"robots\" content=\"index, follow, max-snippet:-1, max-image-preview:large, max-video-preview:-1\" \/>\n<link rel=\"canonical\" href=\"https:\/\/assureomaha.com\/es\/considerando-el-aborto\/procedimientos-de-aborto\/\" \/>\n<meta property=\"og:locale\" content=\"es_ES\" \/>\n<meta property=\"og:type\" content=\"article\" \/>\n<meta property=\"og:title\" content=\"Procedimientos de aborto | Assure Womens Center | Omaha, NE\" \/>\n<meta property=\"og:description\" content=\"Learn more about Procedimientos de aborto on this page. Assure Womens Center offers free services to women who are unexpectedly pregnant. Contact us.\" \/>\n<meta property=\"og:url\" content=\"https:\/\/assureomaha.com\/es\/considerando-el-aborto\/procedimientos-de-aborto\/\" \/>\n<meta property=\"og:site_name\" content=\"Assure Womens Center\" \/>\n<meta property=\"article:modified_time\" content=\"2026-03-13T11:12:42+00:00\" \/>\n<meta name=\"twitter:card\" content=\"summary_large_image\" \/>\n<meta name=\"twitter:label1\" content=\"Tiempo de lectura\" \/>\n\t<meta name=\"twitter:data1\" content=\"2 minutos\" \/>\n<!-- \/ Yoast SEO plugin. -->","yoast_head_json":{"title":"Procedimientos de aborto | Assure Womens Center | Omaha, NE","description":"Learn more about Procedimientos de aborto on this page. Assure Womens Center offers free services to women who are unexpectedly pregnant. Contact us.","robots":{"index":"index","follow":"follow","max-snippet":"max-snippet:-1","max-image-preview":"max-image-preview:large","max-video-preview":"max-video-preview:-1"},"canonical":"https:\/\/assureomaha.com\/es\/considerando-el-aborto\/procedimientos-de-aborto\/","og_locale":"es_ES","og_type":"article","og_title":"Procedimientos de aborto | Assure Womens Center | Omaha, NE","og_description":"Learn more about Procedimientos de aborto on this page. Assure Womens Center offers free services to women who are unexpectedly pregnant. Contact us.","og_url":"https:\/\/assureomaha.com\/es\/considerando-el-aborto\/procedimientos-de-aborto\/","og_site_name":"Assure Womens Center","article_modified_time":"2026-03-13T11:12:42+00:00","twitter_card":"summary_large_image","twitter_misc":{"Tiempo de lectura":"2 minutos"},"schema":{"@context":"https:\/\/schema.org","@graph":[{"@type":"WebPage","@id":"https:\/\/assureomaha.com\/es\/considerando-el-aborto\/procedimientos-de-aborto\/","url":"https:\/\/assureomaha.com\/es\/considerando-el-aborto\/procedimientos-de-aborto\/","name":"Procedimientos de aborto | Assure Womens Center | Omaha, NE","isPartOf":{"@id":"https:\/\/assureomaha.com\/es\/#website"},"datePublished":"2022-01-31T10:04:52+00:00","dateModified":"2026-03-13T11:12:42+00:00","description":"Learn more about Procedimientos de aborto on this page. Assure Womens Center offers free services to women who are unexpectedly pregnant. Contact us.","breadcrumb":{"@id":"https:\/\/assureomaha.com\/es\/considerando-el-aborto\/procedimientos-de-aborto\/#breadcrumb"},"inLanguage":"es","potentialAction":[{"@type":"ReadAction","target":["https:\/\/assureomaha.com\/es\/considerando-el-aborto\/procedimientos-de-aborto\/"]}]},{"@type":"BreadcrumbList","@id":"https:\/\/assureomaha.com\/es\/considerando-el-aborto\/procedimientos-de-aborto\/#breadcrumb","itemListElement":[{"@type":"ListItem","position":1,"name":"Home","item":"https:\/\/assureomaha.com\/es\/inicio\/"},{"@type":"ListItem","position":2,"name":"Considerando el aborto","item":"https:\/\/assureomaha.com\/es\/considerando-el-aborto\/"},{"@type":"ListItem","position":3,"name":"Procedimientos de aborto"}]},{"@type":"WebSite","@id":"https:\/\/assureomaha.com\/es\/#website","url":"https:\/\/assureomaha.com\/es\/","name":"Assure Womens Center","description":"","potentialAction":[{"@type":"SearchAction","target":{"@type":"EntryPoint","urlTemplate":"https:\/\/assureomaha.com\/es\/?s={search_term_string}"},"query-input":{"@type":"PropertyValueSpecification","valueRequired":true,"valueName":"search_term_string"}}],"inLanguage":"es"}]}},"_links":{"self":[{"href":"https:\/\/assureomaha.com\/es\/wp-json\/wp\/v2\/pages\/3727","targetHints":{"allow":["GET"]}}],"collection":[{"href":"https:\/\/assureomaha.com\/es\/wp-json\/wp\/v2\/pages"}],"about":[{"href":"https:\/\/assureomaha.com\/es\/wp-json\/wp\/v2\/types\/page"}],"author":[{"embeddable":true,"href":"https:\/\/assureomaha.com\/es\/wp-json\/wp\/v2\/users\/1"}],"replies":[{"embeddable":true,"href":"https:\/\/assureomaha.com\/es\/wp-json\/wp\/v2\/comments?post=3727"}],"version-history":[{"count":1,"href":"https:\/\/assureomaha.com\/es\/wp-json\/wp\/v2\/pages\/3727\/revisions"}],"predecessor-version":[{"id":3728,"href":"https:\/\/assureomaha.com\/es\/wp-json\/wp\/v2\/pages\/3727\/revisions\/3728"}],"up":[{"embeddable":true,"href":"https:\/\/assureomaha.com\/es\/wp-json\/wp\/v2\/pages\/3697"}],"wp:attachment":[{"href":"https:\/\/assureomaha.com\/es\/wp-json\/wp\/v2\/media?parent=3727"}],"curies":[{"name":"wp","href":"https:\/\/api.w.org\/{rel}","templated":true}]}}