{"id":3730,"date":"2022-08-04T07:34:10","date_gmt":"2022-08-04T07:34:10","guid":{"rendered":"https:\/\/assureomaha.com\/paternidad-maternidad\/"},"modified":"2026-03-13T11:19:21","modified_gmt":"2026-03-13T11:19:21","slug":"paternidad-maternidad","status":"publish","type":"page","link":"https:\/\/assureomaha.com\/es\/opciones-durante-el-embarazo\/paternidad-maternidad\/","title":{"rendered":"Paternidad\/Maternidad"},"content":{"rendered":"&#13;\n<h2 class=\"wp-block-heading\">\u00bfEst\u00e1 considerando la posibilidad de ser padres?<\/h2>&#13;\n&#13;\n<p>El embarazo puede traer consigo muchas preguntas, especialmente sobre lo que viene despu\u00e9s. En Assure Women&#8217;s Center, le ofrecemos un espacio para hablar sobre sus opciones y conectarle con recursos que se ajusten a sus necesidades y objetivos. <\/p>&#13;\n&#13;\n<h2 class=\"wp-block-heading\">\u00bfC\u00f3mo s\u00e9 si la paternidad es adecuada para m\u00ed?<\/h2>&#13;\n&#13;\n<p>Cuando decida si quiere ser padre o madre, h\u00e1gase estas preguntas:<\/p>&#13;\n\r\n<ul class=\"wp-block-list\">&#13;\n<li>\u00bfQu\u00e9 tipo de sistema de apoyo tengo?<\/li>&#13;\n\r\n\r\n&#13;\n<li>\u00bfC\u00f3mo se sentir\u00e1n mi pareja o mis padres con respecto a mi paternidad\/maternidad?<\/li>&#13;\n\r\n\r\n&#13;\n<li>\u00bfPuedo continuar con mi trabajo o educaci\u00f3n?<\/li>&#13;\n\r\n\r\n&#13;\n<li>\u00bfQu\u00e9 apoyo financiero adicional necesitar\u00e9?<\/li>&#13;\n<\/ul>\r\n&#13;\n<p>El equipo de Assure puede ayudarle a superar estos retos y a hablar de cualquier otra preocupaci\u00f3n que pueda tener. Tambi\u00e9n le proporcionaremos referencias a agencias locales para ayudarle con la vivienda, los gastos m\u00e9dicos y el asesoramiento. <\/p>&#13;\n&#13;\n<h2 class=\"wp-block-heading\">Hay ayuda disponible<\/h2>&#13;\n&#13;\n<p>Nuestra primera prioridad es su salud y bienestar. Tanto si est\u00e1 interesada en recibir asesoramiento, necesita atenci\u00f3n prenatal o desea informaci\u00f3n sobre clases de crianza, podemos ayudarle a ponerse en contacto con las organizaciones adecuadas que pueden ayudarle. <\/p>&#13;\n&#13;\n<p>Adem\u00e1s, existen muchos programas comunitarios para ayudar a las madres:<\/p>&#13;\n\r\n<ul class=\"wp-block-list\">&#13;\n<li><a href=\"https:\/\/singlemotherguide.com\/state\/nebraska\/#nebraska-aid-to-dependent-children-(adc)\" data-wpel-link=\"external\" target=\"_blank\" rel=\"nofollow external noopener noreferrer\">Ayuda de Nebraska a ni\u00f1os dependientes (ADC)<\/a><\/li>&#13;\n\r\n\r\n&#13;\n<li><a href=\"https:\/\/singlemotherguide.com\/state\/nebraska\/#nebraska-supplemental-nutrition-assistance-program-(snap)\" data-wpel-link=\"external\" target=\"_blank\" rel=\"nofollow external noopener noreferrer\">Programa de asistencia nutricional suplementaria de Nebraska (SNAP)<\/a><\/li>&#13;\n\r\n\r\n&#13;\n<li><a href=\"https:\/\/singlemotherguide.com\/state\/nebraska\/#nebraska-medicaid\" data-wpel-link=\"external\" target=\"_blank\" rel=\"nofollow external noopener noreferrer\">Medicaid de Nebraska<\/a><\/li>&#13;\n\r\n\r\n&#13;\n<li><a href=\"https:\/\/singlemotherguide.com\/state\/nebraska\/#nebraska-kids-connection\" data-wpel-link=\"external\" target=\"_blank\" rel=\"nofollow external noopener noreferrer\">Conexi\u00f3n para ni\u00f1os de Nebraska<\/a><\/li>&#13;\n\r\n\r\n&#13;\n<li><a href=\"https:\/\/singlemotherguide.com\/state\/nebraska\/#nebraska-child-care-subsidy-program\" data-wpel-link=\"external\" target=\"_blank\" rel=\"nofollow external noopener noreferrer\">Programa de subsidios para el cuidado infantil de Nebraska<\/a><\/li>&#13;\n\r\n\r\n&#13;\n<li><a href=\"https:\/\/singlemotherguide.com\/state\/nebraska\/#nebraska-special-program-for-women%2C-infants%2C-and-children-(wic)\" data-wpel-link=\"external\" target=\"_blank\" rel=\"nofollow external noopener noreferrer\">Programa especial de Nebraska para mujeres, beb\u00e9s y ni\u00f1os (WIC)<\/a><\/li>&#13;\n\r\n\r\n&#13;\n<li><a href=\"https:\/\/singlemotherguide.com\/state\/nebraska\/#nebraska-low-income-home-energy-assistance-program-(liheap)\" data-wpel-link=\"external\" target=\"_blank\" rel=\"nofollow external noopener noreferrer\">Programa de asistencia energ\u00e9tica para hogares de bajos ingresos de Nebraska (LIHEAP)<\/a><\/li>&#13;\n\r\n\r\n&#13;\n<li><a href=\"https:\/\/singlemotherguide.com\/state\/nebraska\/#nebraska-unemployment-insurance\" data-wpel-link=\"external\" target=\"_blank\" rel=\"nofollow external noopener noreferrer\">Seguro de desempleo de Nebraska<\/a><\/li>&#13;\n\r\n\r\n&#13;\n<li><a href=\"https:\/\/singlemotherguide.com\/state\/nebraska\/#nebraska-opportunity-grant-(nog)\" data-wpel-link=\"external\" target=\"_blank\" rel=\"nofollow external noopener noreferrer\">Beca de oportunidad de Nebraska (NOG)<\/a><\/li>&#13;\n<\/ul>\r\n&#13;\n<h2 class=\"wp-block-heading\">Hable con nosotros sobre la paternidad\/maternidad<\/h2>&#13;\n&#13;\n<p>Hay ayuda disponible para usted si recientemente se ha quedado embarazada y decide criar a su hijo.<\/p>&#13;\n&#13;\n<p>Para obtener m\u00e1s informaci\u00f3n sobre los servicios gratuitos para padres y c\u00f3mo podemos ayudarle a recibir asistencia, programe hoy mismo su <a href=\"https:\/\/assureomaha.com\/es\/contacto\/\" target=\"_blank\" rel=\"noreferrer noopener\" data-type=\"URL\" data-id=\"https:\/\/assureomaha.com\/contact\/\" data-wpel-link=\"internal\">cita gratuita<\/a> con nosotros.<\/p>&#13;\n","protected":false},"excerpt":{"rendered":"<p>&#13; \u00bfEst\u00e1 considerando la posibilidad de ser padres? &#13; &#13; El embarazo puede traer consigo muchas preguntas, especialmente sobre lo que viene despu\u00e9s. En Assure Women&#8217;s Center, le ofrecemos un espacio para hablar sobre sus opciones y conectarle con recursos que se ajusten a sus necesidades y objetivos. &#13; &#13; \u00bfC\u00f3mo s\u00e9 si la paternidad<\/p>\n","protected":false},"author":1,"featured_media":0,"parent":3758,"menu_order":0,"comment_status":"closed","ping_status":"closed","template":"","meta":{"_acf_changed":false,"footnotes":""},"class_list":["post-3730","page","type-page","status-publish","hentry"],"acf":[],"yoast_head":"<!-- This site is optimized with the Yoast SEO plugin v27.5 - https:\/\/yoast.com\/product\/yoast-seo-wordpress\/ -->\n<title>Paternidad\/Maternidad | Assure Womens Center | Omaha, NE<\/title>\n<meta name=\"description\" content=\"Learn more about Paternidad\/Maternidad on this page. Assure Womens Center offers free services to women who are unexpectedly pregnant. Contact us.\" \/>\n<meta name=\"robots\" content=\"index, follow, max-snippet:-1, max-image-preview:large, max-video-preview:-1\" \/>\n<link rel=\"canonical\" href=\"https:\/\/assureomaha.com\/es\/opciones-durante-el-embarazo\/paternidad-maternidad\/\" \/>\n<meta property=\"og:locale\" content=\"es_ES\" \/>\n<meta property=\"og:type\" content=\"article\" \/>\n<meta property=\"og:title\" content=\"Paternidad\/Maternidad | Assure Womens Center | Omaha, NE\" \/>\n<meta property=\"og:description\" content=\"Learn more about Paternidad\/Maternidad on this page. Assure Womens Center offers free services to women who are unexpectedly pregnant. Contact us.\" \/>\n<meta property=\"og:url\" content=\"https:\/\/assureomaha.com\/es\/opciones-durante-el-embarazo\/paternidad-maternidad\/\" \/>\n<meta property=\"og:site_name\" content=\"Assure Womens Center\" \/>\n<meta property=\"article:modified_time\" content=\"2026-03-13T11:19:21+00:00\" \/>\n<meta name=\"twitter:card\" content=\"summary_large_image\" \/>\n<meta name=\"twitter:label1\" content=\"Tiempo de lectura\" \/>\n\t<meta name=\"twitter:data1\" content=\"2 minutos\" \/>\n<!-- \/ Yoast SEO plugin. -->","yoast_head_json":{"title":"Paternidad\/Maternidad | Assure Womens Center | Omaha, NE","description":"Learn more about Paternidad\/Maternidad on this page. Assure Womens Center offers free services to women who are unexpectedly pregnant. Contact us.","robots":{"index":"index","follow":"follow","max-snippet":"max-snippet:-1","max-image-preview":"max-image-preview:large","max-video-preview":"max-video-preview:-1"},"canonical":"https:\/\/assureomaha.com\/es\/opciones-durante-el-embarazo\/paternidad-maternidad\/","og_locale":"es_ES","og_type":"article","og_title":"Paternidad\/Maternidad | Assure Womens Center | Omaha, NE","og_description":"Learn more about Paternidad\/Maternidad on this page. Assure Womens Center offers free services to women who are unexpectedly pregnant. Contact us.","og_url":"https:\/\/assureomaha.com\/es\/opciones-durante-el-embarazo\/paternidad-maternidad\/","og_site_name":"Assure Womens Center","article_modified_time":"2026-03-13T11:19:21+00:00","twitter_card":"summary_large_image","twitter_misc":{"Tiempo de lectura":"2 minutos"},"schema":{"@context":"https:\/\/schema.org","@graph":[{"@type":"WebPage","@id":"https:\/\/assureomaha.com\/es\/opciones-durante-el-embarazo\/paternidad-maternidad\/","url":"https:\/\/assureomaha.com\/es\/opciones-durante-el-embarazo\/paternidad-maternidad\/","name":"Paternidad\/Maternidad | Assure Womens Center | Omaha, NE","isPartOf":{"@id":"https:\/\/assureomaha.com\/es\/#website"},"datePublished":"2022-08-04T07:34:10+00:00","dateModified":"2026-03-13T11:19:21+00:00","description":"Learn more about Paternidad\/Maternidad on this page. Assure Womens Center offers free services to women who are unexpectedly pregnant. Contact us.","breadcrumb":{"@id":"https:\/\/assureomaha.com\/es\/opciones-durante-el-embarazo\/paternidad-maternidad\/#breadcrumb"},"inLanguage":"es","potentialAction":[{"@type":"ReadAction","target":["https:\/\/assureomaha.com\/es\/opciones-durante-el-embarazo\/paternidad-maternidad\/"]}]},{"@type":"BreadcrumbList","@id":"https:\/\/assureomaha.com\/es\/opciones-durante-el-embarazo\/paternidad-maternidad\/#breadcrumb","itemListElement":[{"@type":"ListItem","position":1,"name":"Home","item":"https:\/\/assureomaha.com\/es\/inicio\/"},{"@type":"ListItem","position":2,"name":"Opciones","item":"https:\/\/assureomaha.com\/es\/opciones-durante-el-embarazo\/"},{"@type":"ListItem","position":3,"name":"Paternidad\/Maternidad"}]},{"@type":"WebSite","@id":"https:\/\/assureomaha.com\/es\/#website","url":"https:\/\/assureomaha.com\/es\/","name":"Assure Womens Center","description":"","potentialAction":[{"@type":"SearchAction","target":{"@type":"EntryPoint","urlTemplate":"https:\/\/assureomaha.com\/es\/?s={search_term_string}"},"query-input":{"@type":"PropertyValueSpecification","valueRequired":true,"valueName":"search_term_string"}}],"inLanguage":"es"}]}},"_links":{"self":[{"href":"https:\/\/assureomaha.com\/es\/wp-json\/wp\/v2\/pages\/3730","targetHints":{"allow":["GET"]}}],"collection":[{"href":"https:\/\/assureomaha.com\/es\/wp-json\/wp\/v2\/pages"}],"about":[{"href":"https:\/\/assureomaha.com\/es\/wp-json\/wp\/v2\/types\/page"}],"author":[{"embeddable":true,"href":"https:\/\/assureomaha.com\/es\/wp-json\/wp\/v2\/users\/1"}],"replies":[{"embeddable":true,"href":"https:\/\/assureomaha.com\/es\/wp-json\/wp\/v2\/comments?post=3730"}],"version-history":[{"count":1,"href":"https:\/\/assureomaha.com\/es\/wp-json\/wp\/v2\/pages\/3730\/revisions"}],"predecessor-version":[{"id":3737,"href":"https:\/\/assureomaha.com\/es\/wp-json\/wp\/v2\/pages\/3730\/revisions\/3737"}],"up":[{"embeddable":true,"href":"https:\/\/assureomaha.com\/es\/wp-json\/wp\/v2\/pages\/3758"}],"wp:attachment":[{"href":"https:\/\/assureomaha.com\/es\/wp-json\/wp\/v2\/media?parent=3730"}],"curies":[{"name":"wp","href":"https:\/\/api.w.org\/{rel}","templated":true}]}}