{"id":3740,"date":"2022-08-04T07:33:44","date_gmt":"2022-08-04T07:33:44","guid":{"rendered":"https:\/\/assureomaha.com\/aborto\/"},"modified":"2026-03-13T11:17:38","modified_gmt":"2026-03-13T11:17:38","slug":"aborto","status":"publish","type":"page","link":"https:\/\/assureomaha.com\/es\/opciones-durante-el-embarazo\/aborto\/","title":{"rendered":"Aborto"},"content":{"rendered":"&#13;\n<h2 class=\"wp-block-heading\">\u00bfEst\u00e1 considerando abortar?<\/h2>&#13;\n&#13;\n<p>Si se enfrenta a un embarazo no planificado, podr\u00eda estar considerando un aborto.<\/p>&#13;\n&#13;\n<p>Debido a que existen diferentes tipos de procedimientos y riesgos asociados con cada uno, es importante que hable sobre sus opciones y reciba la informaci\u00f3n m\u00e1s actualizada.<\/p>&#13;\n&#13;\n<p>Nuestro equipo m\u00e9dico de apoyo puede responder a cualquier pregunta que pueda tener.<\/p>&#13;\n&#13;\n<h2 class=\"wp-block-heading\">\u00bfQu\u00e9 necesito saber sobre el aborto?<\/h2>&#13;\n&#13;\n<p>El aborto es un procedimiento m\u00e9dico. Hay dos opciones: aborto m\u00e9dico\/qu\u00edmico y aborto quir\u00fargico.<\/p>&#13;\n&#13;\n<p>Estos procedimientos pueden costar entre 500 y 5000 $, dependiendo del tipo de procedimiento y de si existen complicaciones que requieran cirug\u00edas o tratamiento m\u00e9dico adicionales.<\/p>&#13;\n&#13;\n<p>Si est\u00e1 considerando un aborto, tenemos informaci\u00f3n sobre los tipos de procedimientos espec\u00edficos para su embarazo y c\u00f3mo pueden afectar a su cuerpo.<\/p>&#13;\n&#13;\n<p>Nuestro personal m\u00e9dico autorizado est\u00e1 aqu\u00ed para responder a cualquier pregunta que tenga.<\/p>&#13;\n&#13;\n<h2 class=\"wp-block-heading\">\u00bfCu\u00e1les son los diferentes tipos de aborto?<\/h2>&#13;\n&#13;\n<h3 class=\"wp-block-heading\">La p\u00edldora abortiva<\/h3>&#13;\n&#13;\n<p>La p\u00edldora abortiva induce un aborto qu\u00edmico\/m\u00e9dico. Se toma en las primeras 10 semanas de embarazo e implica dos medicamentos.<\/p>&#13;\n&#13;\n<p>El primer medicamento es Mifeprex (mifepristona), que bloquea la progesterona e interrumpe el desarrollo del embarazo, lo que provoca el desprendimiento del embri\u00f3n implantado.<\/p>&#13;\n&#13;\n<p>A continuaci\u00f3n, se toma misoprostol hasta 48 horas despu\u00e9s, lo que induce contracciones para vaciar el \u00fatero. Espere calambres fuertes, sangrado, n\u00e1useas y posiblemente v\u00f3mitos.<\/p>&#13;\n&#13;\n<p>Puede ser necesaria una visita final a la cl\u00ednica para asegurarse de que el aborto se ha completado. Algunas mujeres pueden requerir un aborto quir\u00fargico para completar el proceso. El porcentaje de que esto ocurra aumenta con la edad gestacional.<\/p>&#13;\n&#13;\n<h3 class=\"wp-block-heading\">Aborto quir\u00fargico<\/h3>&#13;\n&#13;\n<p>El procedimiento de aborto quir\u00fargico m\u00e1s com\u00fan es la aspiraci\u00f3n por vac\u00edo. Este procedimiento se puede realizar hasta las 14 semanas.<\/p>&#13;\n&#13;\n<p>El cuello uterino (la abertura del \u00fatero) se dilata (se abre) y el m\u00e9dico inserta un tubo en el \u00fatero, conectado a una m\u00e1quina de succi\u00f3n. La succi\u00f3n separa el cuerpo del feto y vac\u00eda el \u00fatero.<\/p>&#13;\n&#13;\n<p>Entre las 14 y las 16 semanas y 6 d\u00edas, cuando el feto es m\u00e1s grande, el cuello uterino debe ablandarse administrando misoprostol por v\u00eda oral o vaginal para que la dilataci\u00f3n sea m\u00e1s f\u00e1cil.<\/p>&#13;\n&#13;\n<p>El procedimiento de dilataci\u00f3n y evacuaci\u00f3n (D &amp; E) no es legal en el estado de Nebraska.<\/p>&#13;\n&#13;\n<p>En este procedimiento, el cuello uterino se ablanda administrando misoprostol por v\u00eda oral o vaginal, de modo que el cuello uterino se pueda abrir m\u00e1s que en un aborto del primer trimestre, lo que permite al m\u00e9dico extraer las partes fetales mediante una combinaci\u00f3n de succi\u00f3n, curetaje o f\u00f3rceps.<\/p>&#13;\n&#13;\n<h2 class=\"wp-block-heading\">\u00bfCu\u00e1les son los riesgos?<\/h2>&#13;\n&#13;\n<p>Al igual que cualquier otro procedimiento quir\u00fargico o m\u00e9dico, existen riesgos para la salud asociados con el aborto. Algunos riesgos de la p\u00edldora abortiva incluyen aborto incompleto, sangrado abundante e infecci\u00f3n. Un aborto quir\u00fargico puede provocar da\u00f1os en el cuello uterino, el \u00fatero y otros \u00f3rganos internos.<\/p>&#13;\n&#13;\n<p>Si todav\u00eda tiene preguntas, nuestro equipo m\u00e9dico puede darle informaci\u00f3n sobre los riesgos de estos procedimientos.<\/p>&#13;\n&#13;\n<p>Para obtener m\u00e1s informaci\u00f3n sobre sus opciones, programe su cita gratuita hoy mismo.<\/p>&#13;\n","protected":false},"excerpt":{"rendered":"<p>&#13; \u00bfEst\u00e1 considerando abortar? &#13; &#13; Si se enfrenta a un embarazo no planificado, podr\u00eda estar considerando un aborto. &#13; &#13; Debido a que existen diferentes tipos de procedimientos y riesgos asociados con cada uno, es importante que hable sobre sus opciones y reciba la informaci\u00f3n m\u00e1s actualizada. &#13; &#13; Nuestro equipo m\u00e9dico de apoyo<\/p>\n","protected":false},"author":1,"featured_media":0,"parent":3758,"menu_order":0,"comment_status":"closed","ping_status":"closed","template":"","meta":{"_acf_changed":false,"footnotes":""},"class_list":["post-3740","page","type-page","status-publish","hentry"],"acf":[],"yoast_head":"<!-- This site is optimized with the Yoast SEO plugin v27.5 - https:\/\/yoast.com\/product\/yoast-seo-wordpress\/ -->\n<title>Aborto | Assure Womens Center | Omaha, NE<\/title>\n<meta name=\"description\" content=\"Learn more about Aborto on this page. Assure Womens Center offers free services to women who are unexpectedly pregnant. Contact us.\" \/>\n<meta name=\"robots\" content=\"index, follow, max-snippet:-1, max-image-preview:large, max-video-preview:-1\" \/>\n<link rel=\"canonical\" href=\"https:\/\/assureomaha.com\/es\/opciones-durante-el-embarazo\/aborto\/\" \/>\n<meta property=\"og:locale\" content=\"es_ES\" \/>\n<meta property=\"og:type\" content=\"article\" \/>\n<meta property=\"og:title\" content=\"Aborto | Assure Womens Center | Omaha, NE\" \/>\n<meta property=\"og:description\" content=\"Learn more about Aborto on this page. Assure Womens Center offers free services to women who are unexpectedly pregnant. Contact us.\" \/>\n<meta property=\"og:url\" content=\"https:\/\/assureomaha.com\/es\/opciones-durante-el-embarazo\/aborto\/\" \/>\n<meta property=\"og:site_name\" content=\"Assure Womens Center\" \/>\n<meta property=\"article:modified_time\" content=\"2026-03-13T11:17:38+00:00\" \/>\n<meta name=\"twitter:card\" content=\"summary_large_image\" \/>\n<meta name=\"twitter:label1\" content=\"Tiempo de lectura\" \/>\n\t<meta name=\"twitter:data1\" content=\"3 minutos\" \/>\n<!-- \/ Yoast SEO plugin. -->","yoast_head_json":{"title":"Aborto | Assure Womens Center | Omaha, NE","description":"Learn more about Aborto on this page. Assure Womens Center offers free services to women who are unexpectedly pregnant. Contact us.","robots":{"index":"index","follow":"follow","max-snippet":"max-snippet:-1","max-image-preview":"max-image-preview:large","max-video-preview":"max-video-preview:-1"},"canonical":"https:\/\/assureomaha.com\/es\/opciones-durante-el-embarazo\/aborto\/","og_locale":"es_ES","og_type":"article","og_title":"Aborto | Assure Womens Center | Omaha, NE","og_description":"Learn more about Aborto on this page. Assure Womens Center offers free services to women who are unexpectedly pregnant. Contact us.","og_url":"https:\/\/assureomaha.com\/es\/opciones-durante-el-embarazo\/aborto\/","og_site_name":"Assure Womens Center","article_modified_time":"2026-03-13T11:17:38+00:00","twitter_card":"summary_large_image","twitter_misc":{"Tiempo de lectura":"3 minutos"},"schema":{"@context":"https:\/\/schema.org","@graph":[{"@type":"WebPage","@id":"https:\/\/assureomaha.com\/es\/opciones-durante-el-embarazo\/aborto\/","url":"https:\/\/assureomaha.com\/es\/opciones-durante-el-embarazo\/aborto\/","name":"Aborto | Assure Womens Center | Omaha, NE","isPartOf":{"@id":"https:\/\/assureomaha.com\/es\/#website"},"datePublished":"2022-08-04T07:33:44+00:00","dateModified":"2026-03-13T11:17:38+00:00","description":"Learn more about Aborto on this page. Assure Womens Center offers free services to women who are unexpectedly pregnant. Contact us.","breadcrumb":{"@id":"https:\/\/assureomaha.com\/es\/opciones-durante-el-embarazo\/aborto\/#breadcrumb"},"inLanguage":"es","potentialAction":[{"@type":"ReadAction","target":["https:\/\/assureomaha.com\/es\/opciones-durante-el-embarazo\/aborto\/"]}]},{"@type":"BreadcrumbList","@id":"https:\/\/assureomaha.com\/es\/opciones-durante-el-embarazo\/aborto\/#breadcrumb","itemListElement":[{"@type":"ListItem","position":1,"name":"Home","item":"https:\/\/assureomaha.com\/es\/inicio\/"},{"@type":"ListItem","position":2,"name":"Opciones","item":"https:\/\/assureomaha.com\/es\/opciones-durante-el-embarazo\/"},{"@type":"ListItem","position":3,"name":"Aborto"}]},{"@type":"WebSite","@id":"https:\/\/assureomaha.com\/es\/#website","url":"https:\/\/assureomaha.com\/es\/","name":"Assure Womens Center","description":"","potentialAction":[{"@type":"SearchAction","target":{"@type":"EntryPoint","urlTemplate":"https:\/\/assureomaha.com\/es\/?s={search_term_string}"},"query-input":{"@type":"PropertyValueSpecification","valueRequired":true,"valueName":"search_term_string"}}],"inLanguage":"es"}]}},"_links":{"self":[{"href":"https:\/\/assureomaha.com\/es\/wp-json\/wp\/v2\/pages\/3740","targetHints":{"allow":["GET"]}}],"collection":[{"href":"https:\/\/assureomaha.com\/es\/wp-json\/wp\/v2\/pages"}],"about":[{"href":"https:\/\/assureomaha.com\/es\/wp-json\/wp\/v2\/types\/page"}],"author":[{"embeddable":true,"href":"https:\/\/assureomaha.com\/es\/wp-json\/wp\/v2\/users\/1"}],"replies":[{"embeddable":true,"href":"https:\/\/assureomaha.com\/es\/wp-json\/wp\/v2\/comments?post=3740"}],"version-history":[{"count":1,"href":"https:\/\/assureomaha.com\/es\/wp-json\/wp\/v2\/pages\/3740\/revisions"}],"predecessor-version":[{"id":3747,"href":"https:\/\/assureomaha.com\/es\/wp-json\/wp\/v2\/pages\/3740\/revisions\/3747"}],"up":[{"embeddable":true,"href":"https:\/\/assureomaha.com\/es\/wp-json\/wp\/v2\/pages\/3758"}],"wp:attachment":[{"href":"https:\/\/assureomaha.com\/es\/wp-json\/wp\/v2\/media?parent=3740"}],"curies":[{"name":"wp","href":"https:\/\/api.w.org\/{rel}","templated":true}]}}