{"id":3755,"date":"2025-02-26T07:15:23","date_gmt":"2025-02-26T07:15:23","guid":{"rendered":"https:\/\/assureomaha.com\/politica-de-privacidad\/"},"modified":"2025-10-09T20:19:37","modified_gmt":"2025-10-09T20:19:37","slug":"politica-de-privacidad","status":"publish","type":"page","link":"https:\/\/assureomaha.com\/es\/politica-de-privacidad\/","title":{"rendered":"Pol\u00edtica de privacidad"},"content":{"rendered":"<p>Assure Women\u2019s Center (\u00abnosotros\u00bb, \u00abnuestro\u00bb o \u00abnos\u00bb) se compromete a proteger su privacidad y a garantizar la<br \/>\ntransparencia en la forma en que recopilamos, utilizamos y protegemos su informaci\u00f3n. Esta Pol\u00edtica de privacidad explica los tipos de informaci\u00f3n que recopilamos, c\u00f3mo la utilizamos y sus derechos con respecto a sus datos personales. Al acceder a nuestro sitio web o utilizarlo, usted consiente los t\u00e9rminos descritos en esta pol\u00edtica. Si no est\u00e1 de acuerdo con nuestras pol\u00edticas y pr\u00e1cticas, abst\u00e9ngase de utilizar nuestro sitio web.   <\/p>\n<p>Es posible que actualicemos peri\u00f3dicamente esta Pol\u00edtica de privacidad para reflejar los cambios en nuestras pr\u00e1cticas o requisitos de cumplimiento. El uso continuado de nuestro sitio web despu\u00e9s de las actualizaciones significa su aceptaci\u00f3n de dichos cambios.<br \/>\nConsulte esta p\u00e1gina regularmente para ver si hay actualizaciones. <\/p>\n<h2>Alcance de esta pol\u00edtica<\/h2>\n<p>Esta Pol\u00edtica de privacidad se aplica a la informaci\u00f3n recopilada:<\/p>\n<ul>\n<li>A trav\u00e9s de este sitio web.<\/li>\n<li>Por correo electr\u00f3nico, mensaje de texto, donaciones, programaci\u00f3n, chat y otras comunicaciones electr\u00f3nicas intercambiadas entre usted y este sitio web.<\/li>\n<li>Cuando interact\u00faa con nuestros anuncios o aplicaciones de terceros que enlazan con esta pol\u00edtica.<\/li>\n<\/ul>\n<p>Esta Pol\u00edtica de privacidad no se aplica a ninguna informaci\u00f3n recopilada:<\/p>\n<ul>\n<li>A trav\u00e9s de medios no electr\u00f3nicos o cualquier otro canal no operado por Assure Women\u2019s Center.<\/li>\n<li>Por sitios web, aplicaciones o servicios de terceros, incluso si est\u00e1n enlazados o son accesibles desde nuestro sitio web.<\/li>\n<\/ul>\n<h2>Informaci\u00f3n que recopilamos<\/h2>\n<p>Es posible que recopilemos los siguientes tipos de informaci\u00f3n:<\/p>\n<ul>\n<li>\u2022 Informaci\u00f3n personal: Esto incluye los datos que usted proporciona voluntariamente, como su nombre, direcci\u00f3n de correo electr\u00f3nico<br \/>\n, direcci\u00f3n postal, n\u00famero de tel\u00e9fono e informaci\u00f3n de pago al hacer una donaci\u00f3n,<br \/>\nprogramar una cita o registrarse para recibir comunicaciones.<\/li>\n<li>Informaci\u00f3n no personal: Datos recopilados autom\u00e1ticamente, como su direcci\u00f3n IP, tipo de navegador, tipo de dispositivo, p\u00e1ginas visitadas y sitios web de referencia, que nos ayudan a analizar el rendimiento del sitio web y a mejorar nuestros servicios.<\/li>\n<\/ul>\n<h2>C\u00f3mo utilizamos su informaci\u00f3n<\/h2>\n<p>Utilizamos la informaci\u00f3n recopilada para:<\/p>\n<ul>\n<li>Procesar donaciones y proporcionar recibos.<\/li>\n<li>Enviar actualizaciones sobre nuestros programas, eventos e iniciativas.<\/li>\n<li>Responder a las consultas<\/li>\n<li>Programar citas<\/li>\n<li>Mejorar la funcionalidad y la experiencia del usuario de nuestro sitio web.<\/li>\n<li>Cumplir con los requisitos legales y reglamentarios.<\/li>\n<\/ul>\n<h2>Intercambio de informaci\u00f3n<\/h2>\n<p>No vendemos, intercambiamos ni alquilamos su informaci\u00f3n personal. Sin embargo, podemos compartirla con proveedores de servicios de confianza <x id=\"gid_0\"><\/x>que ayudan en las operaciones del sitio web, la gesti\u00f3n de donantes y los esfuerzos de divulgaci\u00f3n, siempre que <x id=\"gid_1\"><\/x>acepten mantener la confidencialidad. Tambi\u00e9n podemos divulgar informaci\u00f3n si as\u00ed lo exige la ley o para proteger nuestros<br \/>\nderechos y seguridad.  <\/p>\n<h2>Cookies y tecnolog\u00edas de seguimiento<\/h2>\n<p>Utilizamos cookies y tecnolog\u00edas de seguimiento similares para mejorar su experiencia en nuestro sitio web. Estas <x id=\"gid_0\"><\/x>herramientas nos ayudan a comprender c\u00f3mo interact\u00faan los visitantes con nuestro sitio y a mejorar la funcionalidad. Puede gestionar<br \/>\nla configuraci\u00f3n de las cookies a trav\u00e9s de su navegador web, aunque es posible que algunas funciones del sitio no funcionen correctamente si las cookies<br \/>\nest\u00e1n desactivadas.  <\/p>\n<h2>Privacidad de los ni\u00f1os<\/h2>\n<p>Nuestro sitio web no est\u00e1 destinado a ni\u00f1os menores de 13 a\u00f1os. No recopilamos ni almacenamos a sabiendas <x id=\"gid_0\"><\/x>informaci\u00f3n personal de ni\u00f1os menores de 13 a\u00f1os. Si usted es menor de 13 a\u00f1os, no proporcione ning\u00fan dato personal en <x id=\"gid_1\"><\/x>este sitio. Si nos enteramos de que hemos recibido dicha informaci\u00f3n sin el consentimiento paterno verificado, la<br \/>\neliminaremos. Si cree que podemos haber recopilado informaci\u00f3n de un ni\u00f1o menor de 13 a\u00f1os, p\u00f3ngase en contacto con nosotros en<br \/>\ninfo@assureomaha.com    <\/p>\n<h2>Enlaces externos<\/h2>\n<p>Nuestro sitio web puede contener enlaces a sitios web de terceros que operan independientemente de nosotros. No somos<br \/>\nresponsables de las pr\u00e1cticas de privacidad ni del contenido de estos sitios externos. Le animamos a que revise<br \/>\nsus pol\u00edticas de privacidad antes de proporcionar cualquier informaci\u00f3n personal.  <\/p>\n<h2>Seguridad de los datos<\/h2>\n<p>Implementamos medidas de seguridad apropiadas para proteger su informaci\u00f3n personal del acceso<br \/>\nno autorizado, la alteraci\u00f3n, la divulgaci\u00f3n o la destrucci\u00f3n. Si bien tomamos precauciones razonables, ninguna<br \/>\ntransmisi\u00f3n de datos a trav\u00e9s de Internet es completamente segura. <\/p>\n<h2>Cambios en esta Pol\u00edtica de privacidad<\/h2>\n<p>Es posible que modifiquemos esta pol\u00edtica peri\u00f3dicamente. Cualquier cambio se publicar\u00e1 en esta p\u00e1gina con una fecha de entrada en vigor <x id=\"gid_0\"><\/x>actualizada. Su uso continuado de nuestro sitio web despu\u00e9s de que se realicen los cambios indica la aceptaci\u00f3n de la<br \/>\npol\u00edtica revisada.  <\/p>\n<h2>P\u00f3ngase en contacto con nosotros<\/h2>\n<p>Si tiene preguntas sobre esta Pol\u00edtica de privacidad o sobre c\u00f3mo gestionamos su informaci\u00f3n, p\u00f3ngase en contacto con nosotros:<\/p>\n<p>Assure Women\u2019s Center<br \/>\n6510 Sorensen Parkway<br \/>\nOmaha, NE 68152<br \/>\n(402)390-9700<\/p>\n","protected":false},"excerpt":{"rendered":"<p>Assure Women\u2019s Center (\u00abnosotros\u00bb, \u00abnuestro\u00bb o \u00abnos\u00bb) se compromete a proteger su privacidad y a garantizar la transparencia en la forma en que recopilamos, utilizamos y protegemos su informaci\u00f3n. Esta Pol\u00edtica de privacidad explica los tipos de informaci\u00f3n que recopilamos, c\u00f3mo la utilizamos y sus derechos con respecto a sus datos personales. Al acceder a<\/p>\n","protected":false},"author":1,"featured_media":0,"parent":0,"menu_order":0,"comment_status":"closed","ping_status":"closed","template":"","meta":{"_acf_changed":false,"footnotes":""},"class_list":["post-3755","page","type-page","status-publish","hentry"],"acf":[],"yoast_head":"<!-- This site is optimized with the Yoast SEO plugin v27.5 - https:\/\/yoast.com\/product\/yoast-seo-wordpress\/ -->\n<title>Pol\u00edtica de privacidad | Assure Womens Center | Omaha, NE<\/title>\n<meta name=\"description\" content=\"Learn more about Pol\u00edtica de privacidad on this page. Assure Womens Center offers free services to women who are unexpectedly pregnant. Contact us.\" \/>\n<meta name=\"robots\" content=\"index, follow, max-snippet:-1, max-image-preview:large, max-video-preview:-1\" \/>\n<link rel=\"canonical\" href=\"https:\/\/assureomaha.com\/es\/politica-de-privacidad\/\" \/>\n<meta property=\"og:locale\" content=\"es_ES\" \/>\n<meta property=\"og:type\" content=\"article\" \/>\n<meta property=\"og:title\" content=\"Pol\u00edtica de privacidad | Assure Womens Center | Omaha, NE\" \/>\n<meta property=\"og:description\" content=\"Learn more about Pol\u00edtica de privacidad on this page. Assure Womens Center offers free services to women who are unexpectedly pregnant. Contact us.\" \/>\n<meta property=\"og:url\" content=\"https:\/\/assureomaha.com\/es\/politica-de-privacidad\/\" \/>\n<meta property=\"og:site_name\" content=\"Assure Womens Center\" \/>\n<meta property=\"article:modified_time\" content=\"2025-10-09T20:19:37+00:00\" \/>\n<meta name=\"twitter:card\" content=\"summary_large_image\" \/>\n<meta name=\"twitter:label1\" content=\"Tiempo de lectura\" \/>\n\t<meta name=\"twitter:data1\" content=\"4 minutos\" \/>\n<!-- \/ Yoast SEO plugin. -->","yoast_head_json":{"title":"Pol\u00edtica de privacidad | Assure Womens Center | Omaha, NE","description":"Learn more about Pol\u00edtica de privacidad on this page. Assure Womens Center offers free services to women who are unexpectedly pregnant. Contact us.","robots":{"index":"index","follow":"follow","max-snippet":"max-snippet:-1","max-image-preview":"max-image-preview:large","max-video-preview":"max-video-preview:-1"},"canonical":"https:\/\/assureomaha.com\/es\/politica-de-privacidad\/","og_locale":"es_ES","og_type":"article","og_title":"Pol\u00edtica de privacidad | Assure Womens Center | Omaha, NE","og_description":"Learn more about Pol\u00edtica de privacidad on this page. Assure Womens Center offers free services to women who are unexpectedly pregnant. Contact us.","og_url":"https:\/\/assureomaha.com\/es\/politica-de-privacidad\/","og_site_name":"Assure Womens Center","article_modified_time":"2025-10-09T20:19:37+00:00","twitter_card":"summary_large_image","twitter_misc":{"Tiempo de lectura":"4 minutos"},"schema":{"@context":"https:\/\/schema.org","@graph":[{"@type":"WebPage","@id":"https:\/\/assureomaha.com\/es\/politica-de-privacidad\/","url":"https:\/\/assureomaha.com\/es\/politica-de-privacidad\/","name":"Pol\u00edtica de privacidad | Assure Womens Center | Omaha, NE","isPartOf":{"@id":"https:\/\/assureomaha.com\/es\/#website"},"datePublished":"2025-02-26T07:15:23+00:00","dateModified":"2025-10-09T20:19:37+00:00","description":"Learn more about Pol\u00edtica de privacidad on this page. Assure Womens Center offers free services to women who are unexpectedly pregnant. Contact us.","breadcrumb":{"@id":"https:\/\/assureomaha.com\/es\/politica-de-privacidad\/#breadcrumb"},"inLanguage":"es","potentialAction":[{"@type":"ReadAction","target":["https:\/\/assureomaha.com\/es\/politica-de-privacidad\/"]}]},{"@type":"BreadcrumbList","@id":"https:\/\/assureomaha.com\/es\/politica-de-privacidad\/#breadcrumb","itemListElement":[{"@type":"ListItem","position":1,"name":"Home","item":"https:\/\/assureomaha.com\/es\/inicio\/"},{"@type":"ListItem","position":2,"name":"Pol\u00edtica de privacidad"}]},{"@type":"WebSite","@id":"https:\/\/assureomaha.com\/es\/#website","url":"https:\/\/assureomaha.com\/es\/","name":"Assure Womens Center","description":"","potentialAction":[{"@type":"SearchAction","target":{"@type":"EntryPoint","urlTemplate":"https:\/\/assureomaha.com\/es\/?s={search_term_string}"},"query-input":{"@type":"PropertyValueSpecification","valueRequired":true,"valueName":"search_term_string"}}],"inLanguage":"es"}]}},"_links":{"self":[{"href":"https:\/\/assureomaha.com\/es\/wp-json\/wp\/v2\/pages\/3755","targetHints":{"allow":["GET"]}}],"collection":[{"href":"https:\/\/assureomaha.com\/es\/wp-json\/wp\/v2\/pages"}],"about":[{"href":"https:\/\/assureomaha.com\/es\/wp-json\/wp\/v2\/types\/page"}],"author":[{"embeddable":true,"href":"https:\/\/assureomaha.com\/es\/wp-json\/wp\/v2\/users\/1"}],"replies":[{"embeddable":true,"href":"https:\/\/assureomaha.com\/es\/wp-json\/wp\/v2\/comments?post=3755"}],"version-history":[{"count":1,"href":"https:\/\/assureomaha.com\/es\/wp-json\/wp\/v2\/pages\/3755\/revisions"}],"predecessor-version":[{"id":3766,"href":"https:\/\/assureomaha.com\/es\/wp-json\/wp\/v2\/pages\/3755\/revisions\/3766"}],"wp:attachment":[{"href":"https:\/\/assureomaha.com\/es\/wp-json\/wp\/v2\/media?parent=3755"}],"curies":[{"name":"wp","href":"https:\/\/api.w.org\/{rel}","templated":true}]}}