{"id":3758,"date":"2022-08-04T07:33:31","date_gmt":"2022-08-04T07:33:31","guid":{"rendered":"https:\/\/assureomaha.com\/opciones-durante-el-embarazo\/"},"modified":"2026-03-13T11:16:53","modified_gmt":"2026-03-13T11:16:53","slug":"opciones-durante-el-embarazo","status":"publish","type":"page","link":"https:\/\/assureomaha.com\/es\/opciones-durante-el-embarazo\/","title":{"rendered":"Opciones"},"content":{"rendered":"&#13;\n<h2 class=\"wp-block-heading\">Aborto<\/h2>&#13;\n&#13;\n<p>El aborto es un procedimiento m\u00e9dico y, como cualquier procedimiento, puede conllevar efectos secundarios y riesgos potenciales. Es importante estar informada sobre los diferentes m\u00e9todos y qu\u00e9 esperar f\u00edsica y emocionalmente antes de tomar una decisi\u00f3n.<\/p>&#13;\n&#13;\n<p>En Assure, le proporcionaremos informaci\u00f3n objetiva sobre todos los procedimientos de aborto y qu\u00e9 esperar.<\/p>&#13;\n\r\n<div class=\"wp-block-buttons is-layout-flex wp-block-buttons-is-layout-flex\">&#13;\n<div class=\"wp-block-button\"><a class=\"wp-block-button__link btn\" href=\"https:\/\/assureomaha.com\/es\/opciones-durante-el-embarazo\/aborto\/\" target=\"_blank\" rel=\"noreferrer noopener\" data-wpel-link=\"internal\">Informaci\u00f3n sobre el aborto<\/a><\/div>&#13;\n<\/div>\r\n&#13;\n<h2 class=\"wp-block-heading\">Adopci\u00f3n<\/h2>&#13;\n&#13;\n<p class=\"\" data-start=\"136\" data-end=\"384\">La adopci\u00f3n es una de las diversas opciones legales durante el embarazo. Hoy en d\u00eda, quienes se plantean la adopci\u00f3n a menudo pueden elegir a la familia adoptiva y decidir cu\u00e1nto contacto desean despu\u00e9s de la entrega. Es una decisi\u00f3n personal que se presenta de forma diferente para cada persona.<\/p>&#13;\n<p class=\"\" data-start=\"386\" data-end=\"584\">Assure ofrece referencias e informaci\u00f3n para ayudarle a explorar si la adopci\u00f3n es la opci\u00f3n adecuada para usted, sin presiones ni juicios.<\/p>&#13;\n\r\n<div class=\"wp-block-buttons is-layout-flex wp-block-buttons-is-layout-flex\">&#13;\n<div class=\"wp-block-button\"><a class=\"wp-block-button__link btn\" href=\"https:\/\/assureomaha.com\/es\/opciones-durante-el-embarazo\/adopcion\/\" target=\"_blank\" rel=\"noreferrer noopener\" data-wpel-link=\"internal\">Informaci\u00f3n sobre la adopci\u00f3n<\/a><\/div>&#13;\n<\/div>\r\n&#13;\n<h2 class=\"wp-block-heading\">Paternidad\/Maternidad<\/h2>&#13;\n&#13;\n<p class=\"\" data-start=\"85\" data-end=\"327\">La crianza es una opci\u00f3n durante el embarazo y puede conllevar preguntas sobre la estabilidad, el apoyo y la planificaci\u00f3n a largo plazo. Si est\u00e1 explorando este camino, comprender qu\u00e9 recursos est\u00e1n disponibles puede ayudarle a tomar una decisi\u00f3n informada.<\/p>&#13;\n<p class=\"\" data-start=\"329\" data-end=\"504\">Podemos proporcionarle informaci\u00f3n sobre programas locales que ofrecen apoyo pr\u00e1ctico a quienes se plantean la crianza.<\/p>&#13;\n\r\n<div class=\"wp-block-buttons is-layout-flex wp-block-buttons-is-layout-flex\">&#13;\n<div class=\"wp-block-button\"><a class=\"wp-block-button__link btn\" href=\"https:\/\/assureomaha.com\/es\/opciones-durante-el-embarazo\/paternidad-maternidad\/\" target=\"_blank\" rel=\"noreferrer noopener\" data-wpel-link=\"internal\">Informaci\u00f3n sobre la crianza<\/a><\/div>&#13;\n<\/div>\r\n","protected":false},"excerpt":{"rendered":"<p>&#13; Aborto &#13; &#13; El aborto es un procedimiento m\u00e9dico y, como cualquier procedimiento, puede conllevar efectos secundarios y riesgos potenciales. Es importante estar informada sobre los diferentes m\u00e9todos y qu\u00e9 esperar f\u00edsica y emocionalmente antes de tomar una decisi\u00f3n. &#13; &#13; En Assure, le proporcionaremos informaci\u00f3n objetiva sobre todos los procedimientos de aborto y<\/p>\n","protected":false},"author":1,"featured_media":0,"parent":0,"menu_order":0,"comment_status":"closed","ping_status":"closed","template":"","meta":{"_acf_changed":false,"footnotes":""},"class_list":["post-3758","page","type-page","status-publish","hentry"],"acf":[],"yoast_head":"<!-- This site is optimized with the Yoast SEO plugin v27.4 - https:\/\/yoast.com\/product\/yoast-seo-wordpress\/ -->\n<title>Opciones | Assure Womens Center | Omaha, NE<\/title>\n<meta name=\"description\" content=\"Learn more about Opciones on this page. Assure Womens Center offers free services to women who are unexpectedly pregnant. Contact us.\" \/>\n<meta name=\"robots\" content=\"index, follow, max-snippet:-1, max-image-preview:large, max-video-preview:-1\" \/>\n<link rel=\"canonical\" href=\"https:\/\/assureomaha.com\/es\/opciones-durante-el-embarazo\/\" \/>\n<meta property=\"og:locale\" content=\"es_ES\" \/>\n<meta property=\"og:type\" content=\"article\" \/>\n<meta property=\"og:title\" content=\"Opciones | Assure Womens Center | Omaha, NE\" \/>\n<meta property=\"og:description\" content=\"Learn more about Opciones on this page. Assure Womens Center offers free services to women who are unexpectedly pregnant. Contact us.\" \/>\n<meta property=\"og:url\" content=\"https:\/\/assureomaha.com\/es\/opciones-durante-el-embarazo\/\" \/>\n<meta property=\"og:site_name\" content=\"Assure Womens Center\" \/>\n<meta property=\"article:modified_time\" content=\"2026-03-13T11:16:53+00:00\" \/>\n<meta name=\"twitter:card\" content=\"summary_large_image\" \/>\n<meta name=\"twitter:label1\" content=\"Est. reading time\" \/>\n\t<meta name=\"twitter:data1\" content=\"1 minuto\" \/>\n<!-- \/ Yoast SEO plugin. -->","yoast_head_json":{"title":"Opciones | Assure Womens Center | Omaha, NE","description":"Learn more about Opciones on this page. Assure Womens Center offers free services to women who are unexpectedly pregnant. Contact us.","robots":{"index":"index","follow":"follow","max-snippet":"max-snippet:-1","max-image-preview":"max-image-preview:large","max-video-preview":"max-video-preview:-1"},"canonical":"https:\/\/assureomaha.com\/es\/opciones-durante-el-embarazo\/","og_locale":"es_ES","og_type":"article","og_title":"Opciones | Assure Womens Center | Omaha, NE","og_description":"Learn more about Opciones on this page. Assure Womens Center offers free services to women who are unexpectedly pregnant. Contact us.","og_url":"https:\/\/assureomaha.com\/es\/opciones-durante-el-embarazo\/","og_site_name":"Assure Womens Center","article_modified_time":"2026-03-13T11:16:53+00:00","twitter_card":"summary_large_image","twitter_misc":{"Est. reading time":"1 minuto"},"schema":{"@context":"https:\/\/schema.org","@graph":[{"@type":"WebPage","@id":"https:\/\/assureomaha.com\/es\/opciones-durante-el-embarazo\/","url":"https:\/\/assureomaha.com\/es\/opciones-durante-el-embarazo\/","name":"Opciones | Assure Womens Center | Omaha, NE","isPartOf":{"@id":"https:\/\/assureomaha.com\/es\/#website"},"datePublished":"2022-08-04T07:33:31+00:00","dateModified":"2026-03-13T11:16:53+00:00","description":"Learn more about Opciones on this page. Assure Womens Center offers free services to women who are unexpectedly pregnant. Contact us.","breadcrumb":{"@id":"https:\/\/assureomaha.com\/es\/opciones-durante-el-embarazo\/#breadcrumb"},"inLanguage":"es","potentialAction":[{"@type":"ReadAction","target":["https:\/\/assureomaha.com\/es\/opciones-durante-el-embarazo\/"]}]},{"@type":"BreadcrumbList","@id":"https:\/\/assureomaha.com\/es\/opciones-durante-el-embarazo\/#breadcrumb","itemListElement":[{"@type":"ListItem","position":1,"name":"Home","item":"https:\/\/assureomaha.com\/es\/inicio\/"},{"@type":"ListItem","position":2,"name":"Opciones"}]},{"@type":"WebSite","@id":"https:\/\/assureomaha.com\/es\/#website","url":"https:\/\/assureomaha.com\/es\/","name":"Assure Womens Center","description":"","potentialAction":[{"@type":"SearchAction","target":{"@type":"EntryPoint","urlTemplate":"https:\/\/assureomaha.com\/es\/?s={search_term_string}"},"query-input":{"@type":"PropertyValueSpecification","valueRequired":true,"valueName":"search_term_string"}}],"inLanguage":"es"}]}},"_links":{"self":[{"href":"https:\/\/assureomaha.com\/es\/wp-json\/wp\/v2\/pages\/3758","targetHints":{"allow":["GET"]}}],"collection":[{"href":"https:\/\/assureomaha.com\/es\/wp-json\/wp\/v2\/pages"}],"about":[{"href":"https:\/\/assureomaha.com\/es\/wp-json\/wp\/v2\/types\/page"}],"author":[{"embeddable":true,"href":"https:\/\/assureomaha.com\/es\/wp-json\/wp\/v2\/users\/1"}],"replies":[{"embeddable":true,"href":"https:\/\/assureomaha.com\/es\/wp-json\/wp\/v2\/comments?post=3758"}],"version-history":[{"count":3,"href":"https:\/\/assureomaha.com\/es\/wp-json\/wp\/v2\/pages\/3758\/revisions"}],"predecessor-version":[{"id":3847,"href":"https:\/\/assureomaha.com\/es\/wp-json\/wp\/v2\/pages\/3758\/revisions\/3847"}],"wp:attachment":[{"href":"https:\/\/assureomaha.com\/es\/wp-json\/wp\/v2\/media?parent=3758"}],"curies":[{"name":"wp","href":"https:\/\/api.w.org\/{rel}","templated":true}]}}