{"id":4068,"date":"2026-03-16T23:58:32","date_gmt":"2026-03-16T23:58:32","guid":{"rendered":"https:\/\/assureomaha.com\/espanol\/"},"modified":"2026-03-23T19:36:14","modified_gmt":"2026-03-23T19:36:14","slug":"espanol","status":"publish","type":"page","link":"https:\/\/assureomaha.com\/es\/espanol\/","title":{"rendered":"Espa\u00f1ol"},"content":{"rendered":"<p><span style=\"font-weight: 400;\">En Assure Women\u2019s Center, deseamos que cada mujer se sienta respetada y apoyada. Nuestro equipo ofrece servicios m\u00e9dicos confidenciales e informaci\u00f3n clara para que usted pueda tomar la mejor decisi\u00f3n para su salud. <\/span><\/p>\n<h2><span style=\"font-weight: 400;\">Servicios disponibles en Assure Women\u2019s Center<\/span><\/h2>\n<p><span style=\"font-weight: 400;\">Nuestra cl\u00ednica ofrece servicios m\u00e9dicos sin coste que incluyen:<\/span><\/p>\n<ul>\n<li style=\"font-weight: 400;\" aria-level=\"1\"><span style=\"font-weight: 400;\">Pruebas m\u00e9dicas de embarazo<\/span><\/li>\n<li style=\"font-weight: 400;\" aria-level=\"1\"><span style=\"font-weight: 400;\">Ecograf\u00edas limitadas<\/span><\/li>\n<li style=\"font-weight: 400;\" aria-level=\"1\"><span style=\"font-weight: 400;\">Pruebas de infecciones de transmisi\u00f3n sexual (ITS)<\/span><\/li>\n<li style=\"font-weight: 400;\" aria-level=\"1\"><span style=\"font-weight: 400;\">Informaci\u00f3n sobre sus opciones de embarazo<\/span><\/li>\n<li style=\"font-weight: 400;\" aria-level=\"1\"><span style=\"font-weight: 400;\">Consultas confidenciales<\/span><\/li>\n<\/ul>\n<p><span style=\"font-weight: 400;\">Para ver la lista completa de servicios, visite nuestra p\u00e1gina de servicios.<\/span><\/p>\n<h2><span style=\"font-weight: 400;\">Comunicaci\u00f3n y apoyo ling\u00fc\u00edstico<\/span><\/h2>\n<p><span style=\"font-weight: 400;\">Queremos asegurarnos de que pueda comunicarse con comodidad durante su cita. Para programar una cita, puede utilizar una de estas opciones: <\/span><\/p>\n<ul>\n<li style=\"font-weight: 400;\" aria-level=\"1\"><span style=\"font-weight: 400;\">Llamarnos al 402-637-5555<\/span><\/li>\n<li style=\"font-weight: 400;\" aria-level=\"1\"><span style=\"font-weight: 400;\">Enviarnos un mensaje por WhatsApp (<a class=\"autolink\" href=\"tel:4029175517\" data-wpel-link=\"internal\">402- 917-5517<\/a>)<\/span><\/li>\n<li style=\"font-weight: 400;\" aria-level=\"1\"><a href=\"https:\/\/assureomaha.com\/es\/contacto\/\" data-wpel-link=\"internal\"><span style=\"font-weight: 400;\">Programar su cita en l\u00ednea<\/span><\/a><span style=\"font-weight: 400;\"> a trav\u00e9s de nuestro sitio web<\/span><\/li>\n<\/ul>\n<p><span style=\"font-weight: 400;\">Nuestro personal est\u00e1 disponible para responder llamadas durante el horario regular de la cl\u00ednica y tambi\u00e9n puede chatear con nosotros las 24 horas del d\u00eda a trav\u00e9s de <\/span><a href=\"https:\/\/assureomaha.com\/es\/\" data-wpel-link=\"internal\"><span style=\"font-weight: 400;\">nuestro sitio web<\/span><\/a><span style=\"font-weight: 400;\">.<\/span><\/p>\n<p><span style=\"font-weight: 400;\">Las citas en espa\u00f1ol est\u00e1n disponibles en los siguientes horarios:<\/span><\/p>\n<ul>\n<li style=\"font-weight: 400;\" aria-level=\"1\"><span style=\"font-weight: 400;\">Lunes: 15:00\u201320:00 (Oficina Oeste)<\/span><\/li>\n<li style=\"font-weight: 400;\" aria-level=\"1\"><span style=\"font-weight: 400;\">Mi\u00e9rcoles: 16:00\u201320:00 (Oficina Oeste)<\/span><\/li>\n<li style=\"font-weight: 400;\" aria-level=\"1\"><span style=\"font-weight: 400;\">Jueves: 15:00\u201320:00 (Oficina Norte)<\/span><\/li>\n<li style=\"font-weight: 400;\" aria-level=\"1\"><span style=\"font-weight: 400;\">S\u00e1bado: 10:00\u201315:00 (Oficina Oeste)<\/span><\/li>\n<\/ul>\n<p><span style=\"font-weight: 400;\">Si necesita una cita en otro horario, cont\u00e1ctenos y haremos todo lo posible por ayudarla.<\/span><\/p>\n<h2><span style=\"font-weight: 400;\">Atenci\u00f3n confidencial para todas<\/span><\/h2>\n<p><span style=\"font-weight: 400;\">Todas las mujeres son bienvenidas en nuestra cl\u00ednica, sin importar su estatus migratorio. Su atenci\u00f3n es completamente confidencial. <\/span><b>No compartimos su informaci\u00f3n con las autoridades de inmigraci\u00f3n ni con agencias gubernamentales.<\/b><\/p>\n<p><span style=\"font-weight: 400;\">Nuestro objetivo es que cada mujer que visite el Assure Women\u2019s Center reciba atenci\u00f3n m\u00e9dica respetuosa y la informaci\u00f3n necesaria para tomar decisiones sobre su salud. Nuestro equipo est\u00e1 aqu\u00ed para escucharla y apoyarla sin presi\u00f3n ni juicios. <\/span><\/p>\n<h2><span style=\"font-weight: 400;\">Preguntas frecuentes<\/span><\/h2>\n<p><strong>\u00bfLos servicios tienen alg\u00fan coste?<\/strong><\/p>\n<p><span style=\"font-weight: 400;\">Todos los servicios ofrecidos en Assure Women\u2019s Center son completamente gratuitos.<\/span><\/p>\n<p><strong>\u00bfNecesito una cita?<\/strong><\/p>\n<p><span style=\"font-weight: 400;\">Recomendamos programar una cita para que nuestro personal m\u00e9dico pueda brindarle la mejor atenci\u00f3n posible.<\/span><\/p>\n<p><strong>\u00bfTienen alguna pol\u00edtica para llegadas tarde?<\/strong><\/p>\n<p><span style=\"font-weight: 400;\">S\u00ed. Si llega m\u00e1s de 15 minutos tarde a su cita programada, es posible que tengamos que reprogramarla para otro momento. Esto nos ayuda a atenderla de la mejor manera y a respetar el tiempo de otras pacientes.  <\/span><\/p>\n<p><strong>\u00bfQu\u00e9 debo llevar a mi cita?<\/strong><\/p>\n<p><span style=\"font-weight: 400;\">Si tiene informaci\u00f3n m\u00e9dica relacionada con su visita o preguntas que desee tratar durante la cita, puede traerlas consigo.<\/span><\/p>\n<h2><span style=\"font-weight: 400;\">Empiece hoy mismo<\/span><\/h2>\n<p><span style=\"font-weight: 400;\">Estamos aqu\u00ed para ofrecerle los servicios integrales que merece. Podr\u00e1 resolver sus dudas y tomar decisiones que prioricen su salud. <\/span><\/p>\n<p><span style=\"font-weight: 400;\">Si desea obtener m\u00e1s informaci\u00f3n o acceder a nuestros servicios, <\/span><a href=\"https:\/\/assureomaha.com\/es\/contacto\/\" data-wpel-link=\"internal\"><span style=\"font-weight: 400;\">programe<\/span><\/a><span style=\"font-weight: 400;\"> hoy una cita confidencial y sin coste o env\u00edenos un mensaje por WhatsApp (<a class=\"autolink\" href=\"tel:4029175517\" data-wpel-link=\"internal\">402- 917-5517<\/a>).<\/span><\/p>\n","protected":false},"excerpt":{"rendered":"<p>En Assure Women\u2019s Center, deseamos que cada mujer se sienta respetada y apoyada. Nuestro equipo ofrece servicios m\u00e9dicos confidenciales e informaci\u00f3n clara para que usted pueda tomar la mejor decisi\u00f3n para su salud. Servicios disponibles en Assure Women\u2019s Center Nuestra cl\u00ednica ofrece servicios m\u00e9dicos sin coste que incluyen: Pruebas m\u00e9dicas de embarazo Ecograf\u00edas limitadas Pruebas<\/p>\n","protected":false},"author":1,"featured_media":0,"parent":0,"menu_order":0,"comment_status":"closed","ping_status":"closed","template":"","meta":{"_acf_changed":false,"footnotes":""},"class_list":["post-4068","page","type-page","status-publish","hentry"],"acf":[],"yoast_head":"<!-- This site is optimized with the Yoast SEO plugin v27.5 - https:\/\/yoast.com\/product\/yoast-seo-wordpress\/ -->\n<title>Espa\u00f1ol | Assure Womens Center | Omaha, NE<\/title>\n<meta name=\"description\" content=\"Learn more about Espa\u00f1ol on this page. Assure Womens Center offers free services to women who are unexpectedly pregnant. Contact us.\" \/>\n<meta name=\"robots\" content=\"index, follow, max-snippet:-1, max-image-preview:large, max-video-preview:-1\" \/>\n<link rel=\"canonical\" href=\"https:\/\/assureomaha.com\/es\/espanol\/\" \/>\n<meta property=\"og:locale\" content=\"es_ES\" \/>\n<meta property=\"og:type\" content=\"article\" \/>\n<meta property=\"og:title\" content=\"Espa\u00f1ol | Assure Womens Center | Omaha, NE\" \/>\n<meta property=\"og:description\" content=\"Learn more about Espa\u00f1ol on this page. Assure Womens Center offers free services to women who are unexpectedly pregnant. Contact us.\" \/>\n<meta property=\"og:url\" content=\"https:\/\/assureomaha.com\/es\/espanol\/\" \/>\n<meta property=\"og:site_name\" content=\"Assure Womens Center\" \/>\n<meta property=\"article:modified_time\" content=\"2026-03-23T19:36:14+00:00\" \/>\n<meta name=\"twitter:card\" content=\"summary_large_image\" \/>\n<meta name=\"twitter:label1\" content=\"Tiempo de lectura\" \/>\n\t<meta name=\"twitter:data1\" content=\"2 minutos\" \/>\n<!-- \/ Yoast SEO plugin. -->","yoast_head_json":{"title":"Espa\u00f1ol | Assure Womens Center | Omaha, NE","description":"Learn more about Espa\u00f1ol on this page. Assure Womens Center offers free services to women who are unexpectedly pregnant. Contact us.","robots":{"index":"index","follow":"follow","max-snippet":"max-snippet:-1","max-image-preview":"max-image-preview:large","max-video-preview":"max-video-preview:-1"},"canonical":"https:\/\/assureomaha.com\/es\/espanol\/","og_locale":"es_ES","og_type":"article","og_title":"Espa\u00f1ol | Assure Womens Center | Omaha, NE","og_description":"Learn more about Espa\u00f1ol on this page. Assure Womens Center offers free services to women who are unexpectedly pregnant. Contact us.","og_url":"https:\/\/assureomaha.com\/es\/espanol\/","og_site_name":"Assure Womens Center","article_modified_time":"2026-03-23T19:36:14+00:00","twitter_card":"summary_large_image","twitter_misc":{"Tiempo de lectura":"2 minutos"},"schema":{"@context":"https:\/\/schema.org","@graph":[{"@type":"WebPage","@id":"https:\/\/assureomaha.com\/es\/espanol\/","url":"https:\/\/assureomaha.com\/es\/espanol\/","name":"Espa\u00f1ol | Assure Womens Center | Omaha, NE","isPartOf":{"@id":"https:\/\/assureomaha.com\/es\/#website"},"datePublished":"2026-03-16T23:58:32+00:00","dateModified":"2026-03-23T19:36:14+00:00","description":"Learn more about Espa\u00f1ol on this page. Assure Womens Center offers free services to women who are unexpectedly pregnant. Contact us.","breadcrumb":{"@id":"https:\/\/assureomaha.com\/es\/espanol\/#breadcrumb"},"inLanguage":"es","potentialAction":[{"@type":"ReadAction","target":["https:\/\/assureomaha.com\/es\/espanol\/"]}]},{"@type":"BreadcrumbList","@id":"https:\/\/assureomaha.com\/es\/espanol\/#breadcrumb","itemListElement":[{"@type":"ListItem","position":1,"name":"Home","item":"https:\/\/assureomaha.com\/es\/inicio\/"},{"@type":"ListItem","position":2,"name":"Espa\u00f1ol"}]},{"@type":"WebSite","@id":"https:\/\/assureomaha.com\/es\/#website","url":"https:\/\/assureomaha.com\/es\/","name":"Assure Womens Center","description":"","potentialAction":[{"@type":"SearchAction","target":{"@type":"EntryPoint","urlTemplate":"https:\/\/assureomaha.com\/es\/?s={search_term_string}"},"query-input":{"@type":"PropertyValueSpecification","valueRequired":true,"valueName":"search_term_string"}}],"inLanguage":"es"}]}},"_links":{"self":[{"href":"https:\/\/assureomaha.com\/es\/wp-json\/wp\/v2\/pages\/4068","targetHints":{"allow":["GET"]}}],"collection":[{"href":"https:\/\/assureomaha.com\/es\/wp-json\/wp\/v2\/pages"}],"about":[{"href":"https:\/\/assureomaha.com\/es\/wp-json\/wp\/v2\/types\/page"}],"author":[{"embeddable":true,"href":"https:\/\/assureomaha.com\/es\/wp-json\/wp\/v2\/users\/1"}],"replies":[{"embeddable":true,"href":"https:\/\/assureomaha.com\/es\/wp-json\/wp\/v2\/comments?post=4068"}],"version-history":[{"count":1,"href":"https:\/\/assureomaha.com\/es\/wp-json\/wp\/v2\/pages\/4068\/revisions"}],"predecessor-version":[{"id":4106,"href":"https:\/\/assureomaha.com\/es\/wp-json\/wp\/v2\/pages\/4068\/revisions\/4106"}],"wp:attachment":[{"href":"https:\/\/assureomaha.com\/es\/wp-json\/wp\/v2\/media?parent=4068"}],"curies":[{"name":"wp","href":"https:\/\/api.w.org\/{rel}","templated":true}]}}